{"id":58411,"date":"2025-06-25T15:35:00","date_gmt":"2025-06-25T13:35:00","guid":{"rendered":"https:\/\/www.fleurop-home.ch\/de-ch\/?post_type=product&#038;p=58411"},"modified":"2025-07-03T09:10:08","modified_gmt":"2025-07-03T07:10:08","slug":"set-de-3-pots-a-pousses-750ml-bol-blanc","status":"publish","type":"product","link":"https:\/\/www.fleurop-home.ch\/fr-ch\/p\/3er-set-sprossenglas-750ml-schale-weiss","title":{"rendered":"Set de 3 pots \u00e0 pousses 750ml - bol blanc"},"content":{"rendered":"<p>Ces trois pots \u00e0 pousses ont une capacit\u00e9 de 750 ml chacun. Chaque pot \u00e0 pousses a un tamis \u00e0 mailles fines en acier inoxydable sans nickel et un bouchon \u00e0 vis en aluminium anodis\u00e9. L'\u00e9gouttoir est en acier inoxydable et le plateau d'\u00e9gouttage en c\u00e9ramique blanche de tr\u00e8s haute qualit\u00e9 - hautement cuit et \u00e9maill\u00e9 pour le contact alimentaire. Toutes les pi\u00e8ces sont lavables au lave-vaisselle.<\/p>\n<p>Avec ce syst\u00e8me de bocaux \u00e0 pousses, tu r\u00e9ussis \u00e0 cultiver des pousses sans effort et de mani\u00e8re hygi\u00e9niquement propre, sans terre : la position inclin\u00e9e des bocaux \u00e0 germes te garantit la fra\u00eecheur continue des pousses, car l'eau peut s'\u00e9couler (\u00e9vite la stagnation de l'eau) et l'air peut circuler (tamis \u00e0 mailles fines). Le bac en c\u00e9ramique recueille l'eau d'\u00e9gouttage, ce qui permet de placer le syst\u00e8me \u00e0 l'endroit de ton choix. Les graines sont mises \u00e0 tremper dans le pot \u00e0 pousses, rinc\u00e9es et cultiv\u00e9es jusqu'\u00e0 la r\u00e9colte.<\/p>\n<p>Note que ces pots \u00e0 pousses ne sont pas adapt\u00e9s aux graines mucilagineuses. Les graines mucilagineuses sont par exemple le cresson, la roquette, la moutarde, le chia et les graines de lin, qui n\u00e9cessitent un \"fond dormant\". Les tamis \u00e0 cresson sont adapt\u00e9s \u00e0 cet effet.<\/p>\n<p><strong>Contenu :<\/strong><\/p>\n<ul>\n<li>3 verres \u00e0 croisillons Eschenfeld<\/li>\n<li>1 \u00e9gouttoir<\/li>\n<li>1 \u00e9gouttoir blanc<\/li>\n<\/ul>","protected":false},"excerpt":{"rendered":"<p data-start=\"77\" data-end=\"291\">Tu veux faire pousser des germes riches en nutriments chez toi, en toute simplicit\u00e9 ? Avec le syst\u00e8me de bocaux \u00e0 pousses d'Eschenfelder, c'est un jeu d'enfant - propre, hygi\u00e9nique et sans effort.<\/p>","protected":false},"featured_media":58836,"template":"","meta":[],"product_brand":[],"product_cat":[44,42],"product_tag":[325],"woo-feed-brand":[],"class_list":{"0":"post-58411","1":"product","2":"type-product","3":"status-publish","4":"has-post-thumbnail","6":"product_cat-kuechenhelfer","7":"product_cat-kueche","8":"product_tag-veg-and-the-city","10":"first","11":"instock","12":"taxable","13":"shipping-taxable","14":"purchasable","15":"product-type-simple"},"_links":{"self":[{"href":"https:\/\/www.fleurop-home.ch\/fr-ch\/wp-json\/wp\/v2\/product\/58411","targetHints":{"allow":["GET"]}}],"collection":[{"href":"https:\/\/www.fleurop-home.ch\/fr-ch\/wp-json\/wp\/v2\/product"}],"about":[{"href":"https:\/\/www.fleurop-home.ch\/fr-ch\/wp-json\/wp\/v2\/types\/product"}],"wp:featuredmedia":[{"embeddable":true,"href":"https:\/\/www.fleurop-home.ch\/fr-ch\/wp-json\/wp\/v2\/media\/58836"}],"wp:attachment":[{"href":"https:\/\/www.fleurop-home.ch\/fr-ch\/wp-json\/wp\/v2\/media?parent=58411"}],"wp:term":[{"taxonomy":"product_brand","embeddable":true,"href":"https:\/\/www.fleurop-home.ch\/fr-ch\/wp-json\/wp\/v2\/product_brand?post=58411"},{"taxonomy":"product_cat","embeddable":true,"href":"https:\/\/www.fleurop-home.ch\/fr-ch\/wp-json\/wp\/v2\/product_cat?post=58411"},{"taxonomy":"product_tag","embeddable":true,"href":"https:\/\/www.fleurop-home.ch\/fr-ch\/wp-json\/wp\/v2\/product_tag?post=58411"},{"taxonomy":"woo-feed-brand","embeddable":true,"href":"https:\/\/www.fleurop-home.ch\/fr-ch\/wp-json\/wp\/v2\/woo-feed-brand?post=58411"}],"curies":[{"name":"wp","href":"https:\/\/api.w.org\/{rel}","templated":true}]}}