{"id":58400,"date":"2025-06-25T14:54:37","date_gmt":"2025-06-25T12:54:37","guid":{"rendered":"https:\/\/www.fleurop-home.ch\/de-ch\/?post_type=product&#038;p=58400"},"modified":"2025-07-30T09:06:23","modified_gmt":"2025-07-30T07:06:23","slug":"set-de-2-pots-a-pousses-1500ml-bol-blanc","status":"publish","type":"product","link":"https:\/\/www.fleurop-home.ch\/fr-ch\/p\/2er-set-sprossenglas-1500ml-schale-weiss","title":{"rendered":"Set de 2 pots \u00e0 pousses 1500ml - bol blanc"},"content":{"rendered":"<p>Ces deux pots \u00e0 pousses ont une capacit\u00e9 de 1500 ml chacun. Chaque pot \u00e0 pousses a un tamis \u00e0 mailles fines et un bouchon \u00e0 vis en acier inoxydable sans nickel. L'\u00e9gouttoir est \u00e9galement en acier inoxydable et l'\u00e9gouttoir blanc est en c\u00e9ramique de tr\u00e8s haute qualit\u00e9 - hautement cuite et \u00e9maill\u00e9e pour les aliments. Toutes les pi\u00e8ces sont lavables au lave-vaisselle.<\/p>\n<p>Avec ce syst\u00e8me de bocaux \u00e0 pousses, tu r\u00e9ussis \u00e0 cultiver des pousses sans effort et de mani\u00e8re hygi\u00e9niquement propre, sans terre : la position inclin\u00e9e des bocaux \u00e0 germes te garantit la fra\u00eecheur continue des pousses, car l'eau peut s'\u00e9couler (\u00e9vite la stagnation de l'eau) et l'air peut circuler (tamis \u00e0 mailles fines). Le bac en c\u00e9ramique recueille l'eau d'\u00e9gouttage, ce qui permet de placer le syst\u00e8me \u00e0 l'endroit de ton choix.<\/p>\n<p>Les graines sont tremp\u00e9es dans le bocal \u00e0 germes, rinc\u00e9es et cultiv\u00e9es jusqu'\u00e0 la r\u00e9colte. Note que ces bocaux \u00e0 pousses ne sont pas adapt\u00e9s aux graines qui produisent du mucilage. Les graines produisant du mucilage sont par exemple le cresson, la roquette, la moutarde, le chia et les graines de lin, qui n\u00e9cessitent un \"sol dormant\". Les tamis \u00e0 cresson sont parfaits pour cela.<\/p>\n<p><strong>Et c'est ainsi que tu r\u00e9ussis :<\/strong>\u00a0Fais tremper les graines \u00e0 germer dans l'eau pendant environ 8 \u00e0 12 heures (petites graines comme la luzerne, les radis 1 cuill\u00e8re \u00e0 soupe, grandes graines comme les haricots mungo, les pois chiches 2 \u00e0 3 cuill\u00e8res \u00e0 soupe). Ensuite, verse l'eau et incline le bocal. Rince les pousses deux fois par jour avec de l'eau fra\u00eeche. Apr\u00e8s le rin\u00e7age, verse l'eau. Incline \u00e0 nouveau le pot \u00e0 pousses pour que l'eau en exc\u00e8s puisse s'\u00e9goutter et que l'air puisse circuler.<\/p>\n<p>Tu peux r\u00e9colter au bout de 5 \u00e0 8 jours, les germes de tournesol, de pois chiches et de lentilles m\u00eame au bout de 2 \u00e0 3 jours.<\/p>\n<p><strong>Contenu :<\/strong><\/p>\n<p>2 bocaux \u00e0 pousses Eschenfeld de 1500 ml chacun<\/p>\n<p>1 \u00e9gouttoir en acier inoxydable<\/p>\n<p>1 \u00e9gouttoir blanc en c\u00e9ramique<\/p>","protected":false},"excerpt":{"rendered":"<p data-start=\"77\" data-end=\"291\">Tu veux faire pousser des germes riches en nutriments chez toi, en toute simplicit\u00e9 ? Avec le syst\u00e8me de bocaux \u00e0 pousses d'Eschenfelder, c'est un jeu d'enfant - propre, hygi\u00e9nique et sans effort.<\/p>","protected":false},"featured_media":58868,"template":"","meta":[],"product_brand":[],"product_cat":[44,42],"product_tag":[325],"woo-feed-brand":[],"class_list":{"0":"post-58400","1":"product","2":"type-product","3":"status-publish","4":"has-post-thumbnail","6":"product_cat-kuechenhelfer","7":"product_cat-kueche","8":"product_tag-veg-and-the-city","10":"first","11":"instock","12":"taxable","13":"shipping-taxable","14":"purchasable","15":"product-type-simple"},"_links":{"self":[{"href":"https:\/\/www.fleurop-home.ch\/fr-ch\/wp-json\/wp\/v2\/product\/58400","targetHints":{"allow":["GET"]}}],"collection":[{"href":"https:\/\/www.fleurop-home.ch\/fr-ch\/wp-json\/wp\/v2\/product"}],"about":[{"href":"https:\/\/www.fleurop-home.ch\/fr-ch\/wp-json\/wp\/v2\/types\/product"}],"wp:featuredmedia":[{"embeddable":true,"href":"https:\/\/www.fleurop-home.ch\/fr-ch\/wp-json\/wp\/v2\/media\/58868"}],"wp:attachment":[{"href":"https:\/\/www.fleurop-home.ch\/fr-ch\/wp-json\/wp\/v2\/media?parent=58400"}],"wp:term":[{"taxonomy":"product_brand","embeddable":true,"href":"https:\/\/www.fleurop-home.ch\/fr-ch\/wp-json\/wp\/v2\/product_brand?post=58400"},{"taxonomy":"product_cat","embeddable":true,"href":"https:\/\/www.fleurop-home.ch\/fr-ch\/wp-json\/wp\/v2\/product_cat?post=58400"},{"taxonomy":"product_tag","embeddable":true,"href":"https:\/\/www.fleurop-home.ch\/fr-ch\/wp-json\/wp\/v2\/product_tag?post=58400"},{"taxonomy":"woo-feed-brand","embeddable":true,"href":"https:\/\/www.fleurop-home.ch\/fr-ch\/wp-json\/wp\/v2\/woo-feed-brand?post=58400"}],"curies":[{"name":"wp","href":"https:\/\/api.w.org\/{rel}","templated":true}]}}