{"id":58396,"date":"2025-06-25T14:33:02","date_gmt":"2025-06-25T12:33:02","guid":{"rendered":"https:\/\/www.fleurop-home.ch\/de-ch\/?post_type=product&#038;p=58396"},"modified":"2025-07-30T09:06:28","modified_gmt":"2025-07-30T07:06:28","slug":"pot-a-pousses-750ml-bol-blanc","status":"publish","type":"product","link":"https:\/\/www.fleurop-home.ch\/fr-ch\/p\/sprossenglas-750ml-schale-weiss","title":{"rendered":"Pot \u00e0 pousses, 750ml - bol blanc"},"content":{"rendered":"<p>La position inclin\u00e9e du bocal de germination permet \u00e0 l'eau de s'\u00e9couler. Le tamis \u00e0 mailles fines favorise la circulation de l'air. Le bac en c\u00e9ramique recueille l'eau d'\u00e9gouttage, ce qui permet de placer le syst\u00e8me \u00e0 l'endroit de ton choix. Les graines sont tremp\u00e9es dans le pot \u00e0 pousses, rinc\u00e9es et cultiv\u00e9es jusqu'\u00e0 la r\u00e9colte. Note que ces bocaux ne sont pas adapt\u00e9s aux graines mucilagineuses. Les graines produisant du mucilage sont par exemple le cresson, la roquette, la moutarde, le chia et les graines de lin, qui n\u00e9cessitent un \"sol dormant\". Les tamis \u00e0 cresson sont parfaits pour cela.<\/p>\n<p><strong>Contenu :<\/strong><\/p>\n<ul>\n<li>1x pot \u00e0 pousses<\/li>\n<li>1x \u00e9gouttoir (acier inoxydable)<\/li>\n<li>1x \u00e9gouttoir (c\u00e9ramique)<\/li>\n<\/ul>\n<p><strong>Contenance :<\/strong>\u00a0750 ml<\/p>\n<p><strong>Comment cultiver des pousses :<\/strong><\/p>\n<ul>\n<li>Faire tremper les graines germ\u00e9es dans l'eau pendant environ 8 \u00e0 12 heures<\/li>\n<li>Egoutter l'eau et placer le bocal \u00e0 pousses en biais sur l'\u00e9gouttoir<\/li>\n<li>Rincer les pousses 2 fois par jour avec de l'eau fra\u00eeche, puis vider l'eau.<\/li>\n<li>R\u00e9colte apr\u00e8s 5-8 jours (selon la vari\u00e9t\u00e9 de pousses)<\/li>\n<\/ul>","protected":false},"excerpt":{"rendered":"<p data-start=\"77\" data-end=\"291\">Envie de germes frais et riches en substances vitales de ta propre culture ? Le syst\u00e8me de bocaux \u00e0 pousses d'Eschenfelder te facilite la t\u00e2che - la culture est simple, propre et absolument hygi\u00e9nique.<\/p>","protected":false},"featured_media":58397,"template":"","meta":[],"product_brand":[],"product_cat":[44,42],"product_tag":[325],"woo-feed-brand":[],"class_list":{"0":"post-58396","1":"product","2":"type-product","3":"status-publish","4":"has-post-thumbnail","6":"product_cat-kuechenhelfer","7":"product_cat-kueche","8":"product_tag-veg-and-the-city","10":"first","11":"instock","12":"taxable","13":"shipping-taxable","14":"purchasable","15":"product-type-simple"},"_links":{"self":[{"href":"https:\/\/www.fleurop-home.ch\/fr-ch\/wp-json\/wp\/v2\/product\/58396","targetHints":{"allow":["GET"]}}],"collection":[{"href":"https:\/\/www.fleurop-home.ch\/fr-ch\/wp-json\/wp\/v2\/product"}],"about":[{"href":"https:\/\/www.fleurop-home.ch\/fr-ch\/wp-json\/wp\/v2\/types\/product"}],"wp:featuredmedia":[{"embeddable":true,"href":"https:\/\/www.fleurop-home.ch\/fr-ch\/wp-json\/wp\/v2\/media\/58397"}],"wp:attachment":[{"href":"https:\/\/www.fleurop-home.ch\/fr-ch\/wp-json\/wp\/v2\/media?parent=58396"}],"wp:term":[{"taxonomy":"product_brand","embeddable":true,"href":"https:\/\/www.fleurop-home.ch\/fr-ch\/wp-json\/wp\/v2\/product_brand?post=58396"},{"taxonomy":"product_cat","embeddable":true,"href":"https:\/\/www.fleurop-home.ch\/fr-ch\/wp-json\/wp\/v2\/product_cat?post=58396"},{"taxonomy":"product_tag","embeddable":true,"href":"https:\/\/www.fleurop-home.ch\/fr-ch\/wp-json\/wp\/v2\/product_tag?post=58396"},{"taxonomy":"woo-feed-brand","embeddable":true,"href":"https:\/\/www.fleurop-home.ch\/fr-ch\/wp-json\/wp\/v2\/woo-feed-brand?post=58396"}],"curies":[{"name":"wp","href":"https:\/\/api.w.org\/{rel}","templated":true}]}}