{"id":58374,"date":"2025-06-25T10:52:40","date_gmt":"2025-06-25T08:52:40","guid":{"rendered":"https:\/\/www.fleurop-home.ch\/de-ch\/?post_type=product&#038;p=58374"},"modified":"2025-10-22T13:29:14","modified_gmt":"2025-10-22T11:29:14","slug":"vase-vintage-vert-bleu","status":"publish","type":"product","link":"https:\/\/www.fleurop-home.ch\/fr-ch\/p\/krugvase-vintage-gruen-blau","title":{"rendered":"Vase pichet \"Vintage\", vert-bleu"},"content":{"rendered":"<p>Le pichet est en acier galvanis\u00e9 et peut donc \u00eatre utilis\u00e9 \u00e0 l'int\u00e9rieur comme \u00e0 l'ext\u00e9rieur, car il ne rouille pas.<\/p>\n<p><strong>La masse :<\/strong> 21 x 14 x 23 cm<\/p>\n<p><strong>Mat\u00e9riel :<\/strong> Acier galvanis\u00e9<\/p>\n<p><strong>Couleur : <\/strong>Vert-bleu clair<\/p>\n<p><strong>Le volume :<\/strong>\u00a01,8 litre<\/p>","protected":false},"excerpt":{"rendered":"<p>Avec ce vase vintage en m\u00e9tal, tu cr\u00e9es une ambiance confortable et \u00e9l\u00e9gante dans ta maison. Qu'il soit amoureusement garni de fleurs fra\u00eeches ou qu'il serve de point d'orgue d\u00e9coratif sur une \u00e9tag\u00e8re, ce charmant vase pichet attirera \u00e0 coup s\u00fbr tous les regards.<\/p>","protected":false},"featured_media":58436,"template":"","meta":[],"product_brand":[],"product_cat":[27,23,1197],"product_tag":[325],"woo-feed-brand":[],"class_list":{"0":"post-58374","1":"product","2":"type-product","3":"status-publish","4":"has-post-thumbnail","6":"product_cat-vasen-gefaesse","7":"product_cat-home-living","8":"product_cat-vasen","9":"product_tag-veg-and-the-city","11":"first","12":"instock","13":"taxable","14":"shipping-taxable","15":"purchasable","16":"product-type-simple"},"_links":{"self":[{"href":"https:\/\/www.fleurop-home.ch\/fr-ch\/wp-json\/wp\/v2\/product\/58374","targetHints":{"allow":["GET"]}}],"collection":[{"href":"https:\/\/www.fleurop-home.ch\/fr-ch\/wp-json\/wp\/v2\/product"}],"about":[{"href":"https:\/\/www.fleurop-home.ch\/fr-ch\/wp-json\/wp\/v2\/types\/product"}],"wp:featuredmedia":[{"embeddable":true,"href":"https:\/\/www.fleurop-home.ch\/fr-ch\/wp-json\/wp\/v2\/media\/58436"}],"wp:attachment":[{"href":"https:\/\/www.fleurop-home.ch\/fr-ch\/wp-json\/wp\/v2\/media?parent=58374"}],"wp:term":[{"taxonomy":"product_brand","embeddable":true,"href":"https:\/\/www.fleurop-home.ch\/fr-ch\/wp-json\/wp\/v2\/product_brand?post=58374"},{"taxonomy":"product_cat","embeddable":true,"href":"https:\/\/www.fleurop-home.ch\/fr-ch\/wp-json\/wp\/v2\/product_cat?post=58374"},{"taxonomy":"product_tag","embeddable":true,"href":"https:\/\/www.fleurop-home.ch\/fr-ch\/wp-json\/wp\/v2\/product_tag?post=58374"},{"taxonomy":"woo-feed-brand","embeddable":true,"href":"https:\/\/www.fleurop-home.ch\/fr-ch\/wp-json\/wp\/v2\/woo-feed-brand?post=58374"}],"curies":[{"name":"wp","href":"https:\/\/api.w.org\/{rel}","templated":true}]}}