{"id":58363,"date":"2025-07-01T16:26:28","date_gmt":"2025-07-01T14:26:28","guid":{"rendered":"https:\/\/www.fleurop-home.ch\/de-ch\/p\/vogelfutterhaus-emmental-mittel-fsc"},"modified":"2025-08-05T10:49:29","modified_gmt":"2025-08-05T08:49:29","slug":"mangeoire-pour-oiseaux-emmental-moyenne-fsc","status":"publish","type":"product","link":"https:\/\/www.fleurop-home.ch\/fr-ch\/p\/vogelfutterhaus-emmental-mittel-fsc","title":{"rendered":"Mangeoire pour oiseaux Emmental moyenne FSC"},"content":{"rendered":"<p>Notre mangeoire pour oiseaux Emmental se pr\u00e9sente comme un charmant refuge pour oiseaux en sapin lasur\u00e9 brun. Le toit recouvert de bardeaux lui donne non seulement une touche rustique, mais il offre \u00e9galement une protection contre les \u00e9l\u00e9ments. Deux mangeoires avec des vitres en plexiglas et un coin pour la nourriture assurent un acc\u00e8s confortable aux visiteurs \u00e0 plumes. Suspendue sans effort \u00e0 l'endroit de ton choix gr\u00e2ce \u00e0 l'anneau de levage inclus, cette mangeoire pour oiseaux deviendra un point de mire \u00e9l\u00e9gant dans ton jardin.<\/p>\n<p>Taille : 410 x 350 x 300 mm<\/p>","protected":false},"excerpt":{"rendered":"<p>Notre mangeoire pour oiseaux Emmental se pr\u00e9sente comme un charmant refuge pour oiseaux en sapin lasur\u00e9 brun.<\/p>","protected":false},"featured_media":58622,"template":"","meta":[],"product_brand":[],"product_cat":[1113,34],"product_tag":[973],"woo-feed-brand":[],"class_list":{"0":"post-58363","1":"product","2":"type-product","3":"status-publish","4":"has-post-thumbnail","6":"product_cat-gartenbewohner","7":"product_cat-garten-balkon","8":"product_tag-samen-mauser","10":"first","11":"instock","12":"taxable","13":"shipping-taxable","14":"purchasable","15":"product-type-simple"},"_links":{"self":[{"href":"https:\/\/www.fleurop-home.ch\/fr-ch\/wp-json\/wp\/v2\/product\/58363","targetHints":{"allow":["GET"]}}],"collection":[{"href":"https:\/\/www.fleurop-home.ch\/fr-ch\/wp-json\/wp\/v2\/product"}],"about":[{"href":"https:\/\/www.fleurop-home.ch\/fr-ch\/wp-json\/wp\/v2\/types\/product"}],"wp:featuredmedia":[{"embeddable":true,"href":"https:\/\/www.fleurop-home.ch\/fr-ch\/wp-json\/wp\/v2\/media\/58622"}],"wp:attachment":[{"href":"https:\/\/www.fleurop-home.ch\/fr-ch\/wp-json\/wp\/v2\/media?parent=58363"}],"wp:term":[{"taxonomy":"product_brand","embeddable":true,"href":"https:\/\/www.fleurop-home.ch\/fr-ch\/wp-json\/wp\/v2\/product_brand?post=58363"},{"taxonomy":"product_cat","embeddable":true,"href":"https:\/\/www.fleurop-home.ch\/fr-ch\/wp-json\/wp\/v2\/product_cat?post=58363"},{"taxonomy":"product_tag","embeddable":true,"href":"https:\/\/www.fleurop-home.ch\/fr-ch\/wp-json\/wp\/v2\/product_tag?post=58363"},{"taxonomy":"woo-feed-brand","embeddable":true,"href":"https:\/\/www.fleurop-home.ch\/fr-ch\/wp-json\/wp\/v2\/woo-feed-brand?post=58363"}],"curies":[{"name":"wp","href":"https:\/\/api.w.org\/{rel}","templated":true}]}}