{"id":58362,"date":"2025-07-01T16:26:28","date_gmt":"2025-07-01T14:26:28","guid":{"rendered":"https:\/\/www.fleurop-home.ch\/de-ch\/p\/dreibein-holzstnder-zu-futterhuser"},"modified":"2025-08-05T10:49:23","modified_gmt":"2025-08-05T08:49:23","slug":"tripode-en-bois-pour-les-mangeoires","status":"publish","type":"product","link":"https:\/\/www.fleurop-home.ch\/fr-ch\/p\/dreibein-holzstaender-zu-futterhaeuser","title":{"rendered":"Supports en bois \u00e0 trois pieds pour mangeoires"},"content":{"rendered":"<p>Notre support en bois \u00e0 trois pieds, fabriqu\u00e9 en bois d'\u00e9pic\u00e9a, est le compl\u00e9ment id\u00e9al pour les mangeoires pour oiseaux avec support pour piquets. D'une hauteur de 120 cm, il offre une vue parfaite sur les visiteurs \u00e0 plumes. Le support s'ouvre et s'adapte \u00e0 tous les mod\u00e8les list\u00e9s FSC. Avec des trous de \u00d8 60 mm et 40 mm, il est polyvalent et offre un support s\u00fbr pour ta mangeoire pour oiseaux.<\/p>","protected":false},"excerpt":{"rendered":"<p>Notre support en bois \u00e0 trois pieds, fabriqu\u00e9 en bois d'\u00e9pic\u00e9a, est le compl\u00e9ment id\u00e9al pour les mangeoires pour oiseaux avec support pour piquets.<\/p>","protected":false},"featured_media":58623,"template":"","meta":[],"product_brand":[],"product_cat":[1113,34],"product_tag":[973],"woo-feed-brand":[],"class_list":{"0":"post-58362","1":"product","2":"type-product","3":"status-publish","4":"has-post-thumbnail","6":"product_cat-gartenbewohner","7":"product_cat-garten-balkon","8":"product_tag-samen-mauser","10":"first","11":"instock","12":"taxable","13":"shipping-taxable","14":"purchasable","15":"product-type-simple"},"_links":{"self":[{"href":"https:\/\/www.fleurop-home.ch\/fr-ch\/wp-json\/wp\/v2\/product\/58362","targetHints":{"allow":["GET"]}}],"collection":[{"href":"https:\/\/www.fleurop-home.ch\/fr-ch\/wp-json\/wp\/v2\/product"}],"about":[{"href":"https:\/\/www.fleurop-home.ch\/fr-ch\/wp-json\/wp\/v2\/types\/product"}],"wp:featuredmedia":[{"embeddable":true,"href":"https:\/\/www.fleurop-home.ch\/fr-ch\/wp-json\/wp\/v2\/media\/58623"}],"wp:attachment":[{"href":"https:\/\/www.fleurop-home.ch\/fr-ch\/wp-json\/wp\/v2\/media?parent=58362"}],"wp:term":[{"taxonomy":"product_brand","embeddable":true,"href":"https:\/\/www.fleurop-home.ch\/fr-ch\/wp-json\/wp\/v2\/product_brand?post=58362"},{"taxonomy":"product_cat","embeddable":true,"href":"https:\/\/www.fleurop-home.ch\/fr-ch\/wp-json\/wp\/v2\/product_cat?post=58362"},{"taxonomy":"product_tag","embeddable":true,"href":"https:\/\/www.fleurop-home.ch\/fr-ch\/wp-json\/wp\/v2\/product_tag?post=58362"},{"taxonomy":"woo-feed-brand","embeddable":true,"href":"https:\/\/www.fleurop-home.ch\/fr-ch\/wp-json\/wp\/v2\/woo-feed-brand?post=58362"}],"curies":[{"name":"wp","href":"https:\/\/api.w.org\/{rel}","templated":true}]}}