{"id":58358,"date":"2025-07-01T16:26:27","date_gmt":"2025-07-01T14:26:27","guid":{"rendered":"https:\/\/www.fleurop-home.ch\/de-ch\/p\/vogelfutterhaus-standard-fsc"},"modified":"2026-04-22T11:34:06","modified_gmt":"2026-04-22T09:34:06","slug":"mangeoire-pour-oiseaux-standard-fsc","status":"publish","type":"product","link":"https:\/\/www.fleurop-home.ch\/fr-ch\/p\/vogelfutterhaus-standard-fsc","title":{"rendered":"Mangeoire pour oiseaux standard FSC"},"content":{"rendered":"<p>Notre mangeoire pour oiseaux \u00e0 suspendre est fabriqu\u00e9e en bois de sapin suisse rabot\u00e9 de haute qualit\u00e9 qui, non trait\u00e9, pr\u00e9serve sa beaut\u00e9 naturelle. Le toit s'ouvre, ce qui permet de le remplir et de le nettoyer sans effort. Avec ce design simple et fonctionnel, tu cr\u00e9es une station d'alimentation attrayante pour les visiteurs \u00e0 plumes.<\/p>\n<p>Taille : 240 x 200 x 180 mm<\/p>","protected":false},"excerpt":{"rendered":"<p>Notre mangeoire pour oiseaux \u00e0 suspendre est fabriqu\u00e9e en bois de sapin suisse rabot\u00e9 de haute qualit\u00e9 qui, non trait\u00e9, conserve sa beaut\u00e9 naturelle.<\/p>","protected":false},"featured_media":58627,"template":"","meta":[],"product_brand":[],"product_cat":[1113,1263,1266,1267,34],"product_tag":[973],"woo-feed-brand":[],"class_list":{"0":"post-58358","1":"product","2":"type-product","3":"status-publish","4":"has-post-thumbnail","6":"product_cat-gartenbewohner","7":"product_cat-fleuropkids","8":"product_cat-garten-outdoor","9":"product_cat-tiere-lebensraeume","10":"product_cat-garten-balkon","11":"product_tag-samen-mauser","13":"first","14":"instock","15":"taxable","16":"shipping-taxable","17":"purchasable","18":"product-type-simple"},"_links":{"self":[{"href":"https:\/\/www.fleurop-home.ch\/fr-ch\/wp-json\/wp\/v2\/product\/58358","targetHints":{"allow":["GET"]}}],"collection":[{"href":"https:\/\/www.fleurop-home.ch\/fr-ch\/wp-json\/wp\/v2\/product"}],"about":[{"href":"https:\/\/www.fleurop-home.ch\/fr-ch\/wp-json\/wp\/v2\/types\/product"}],"wp:featuredmedia":[{"embeddable":true,"href":"https:\/\/www.fleurop-home.ch\/fr-ch\/wp-json\/wp\/v2\/media\/58627"}],"wp:attachment":[{"href":"https:\/\/www.fleurop-home.ch\/fr-ch\/wp-json\/wp\/v2\/media?parent=58358"}],"wp:term":[{"taxonomy":"product_brand","embeddable":true,"href":"https:\/\/www.fleurop-home.ch\/fr-ch\/wp-json\/wp\/v2\/product_brand?post=58358"},{"taxonomy":"product_cat","embeddable":true,"href":"https:\/\/www.fleurop-home.ch\/fr-ch\/wp-json\/wp\/v2\/product_cat?post=58358"},{"taxonomy":"product_tag","embeddable":true,"href":"https:\/\/www.fleurop-home.ch\/fr-ch\/wp-json\/wp\/v2\/product_tag?post=58358"},{"taxonomy":"woo-feed-brand","embeddable":true,"href":"https:\/\/www.fleurop-home.ch\/fr-ch\/wp-json\/wp\/v2\/woo-feed-brand?post=58358"}],"curies":[{"name":"wp","href":"https:\/\/api.w.org\/{rel}","templated":true}]}}