{"id":58357,"date":"2025-07-01T16:26:27","date_gmt":"2025-07-01T14:26:27","guid":{"rendered":"https:\/\/www.fleurop-home.ch\/de-ch\/p\/vogelfutterhaus-chalet-fsc"},"modified":"2025-08-05T10:49:52","modified_gmt":"2025-08-05T08:49:52","slug":"mangeoire-pour-oiseaux-chalet-fsc","status":"publish","type":"product","link":"https:\/\/www.fleurop-home.ch\/fr-ch\/p\/vogelfutterhaus-chalet-fsc","title":{"rendered":"Mangeoire pour oiseaux Chalet FSC"},"content":{"rendered":"<p>Notre mangeoire pour oiseaux en rondins est fabriqu\u00e9e en bois de sapin suisse rabot\u00e9 de haute qualit\u00e9 et offre un compl\u00e9ment rustique et charmant \u00e0 ton jardin. La construction du toit qui s'ouvre facilite le remplissage et le nettoyage. Accroche-le \u00e0 l'endroit de ton choix pour cr\u00e9er une authentique station de nourriture pour les oiseaux.<\/p>\n<p>Taille : 290 x 220 x 210 mm<\/p>","protected":false},"excerpt":{"rendered":"<p>Taille : 290 x 220 x 210 mm<\/p>","protected":false},"featured_media":58628,"template":"","meta":[],"product_brand":[],"product_cat":[1113,34],"product_tag":[973],"woo-feed-brand":[],"class_list":{"0":"post-58357","1":"product","2":"type-product","3":"status-publish","4":"has-post-thumbnail","6":"product_cat-gartenbewohner","7":"product_cat-garten-balkon","8":"product_tag-samen-mauser","10":"first","11":"instock","12":"taxable","13":"shipping-taxable","14":"purchasable","15":"product-type-simple"},"_links":{"self":[{"href":"https:\/\/www.fleurop-home.ch\/fr-ch\/wp-json\/wp\/v2\/product\/58357","targetHints":{"allow":["GET"]}}],"collection":[{"href":"https:\/\/www.fleurop-home.ch\/fr-ch\/wp-json\/wp\/v2\/product"}],"about":[{"href":"https:\/\/www.fleurop-home.ch\/fr-ch\/wp-json\/wp\/v2\/types\/product"}],"wp:featuredmedia":[{"embeddable":true,"href":"https:\/\/www.fleurop-home.ch\/fr-ch\/wp-json\/wp\/v2\/media\/58628"}],"wp:attachment":[{"href":"https:\/\/www.fleurop-home.ch\/fr-ch\/wp-json\/wp\/v2\/media?parent=58357"}],"wp:term":[{"taxonomy":"product_brand","embeddable":true,"href":"https:\/\/www.fleurop-home.ch\/fr-ch\/wp-json\/wp\/v2\/product_brand?post=58357"},{"taxonomy":"product_cat","embeddable":true,"href":"https:\/\/www.fleurop-home.ch\/fr-ch\/wp-json\/wp\/v2\/product_cat?post=58357"},{"taxonomy":"product_tag","embeddable":true,"href":"https:\/\/www.fleurop-home.ch\/fr-ch\/wp-json\/wp\/v2\/product_tag?post=58357"},{"taxonomy":"woo-feed-brand","embeddable":true,"href":"https:\/\/www.fleurop-home.ch\/fr-ch\/wp-json\/wp\/v2\/woo-feed-brand?post=58357"}],"curies":[{"name":"wp","href":"https:\/\/api.w.org\/{rel}","templated":true}]}}