{"id":58356,"date":"2025-07-01T16:26:27","date_gmt":"2025-07-01T14:26:27","guid":{"rendered":"https:\/\/www.fleurop-home.ch\/de-ch\/p\/meisennistkasten-natur-fsc"},"modified":"2026-04-22T11:34:05","modified_gmt":"2026-04-22T09:34:05","slug":"caisson-de-meisennist-nature-fsc","status":"publish","type":"product","link":"https:\/\/www.fleurop-home.ch\/fr-ch\/p\/meisennistkasten-natur-fsc","title":{"rendered":"Coffret de tennis de table naturel FSC"},"content":{"rendered":"<p>Nichoir en bois massif rabot\u00e9 Weymouth. Couvercle frontal rabattable pour un contr\u00f4le et un nettoyage faciles. Int\u00e9rieur extra large pour la construction du nid et rainures pour s'agripper. Le trou d'entr\u00e9e de 34 mm (m\u00e9sange charbonni\u00e8re, rougequeue \u00e0 front blanc, sittelle torchepot) peut \u00eatre r\u00e9duit \u00e0 27 mm (m\u00e9sanges bleue, des marais, des sapins, hupp\u00e9e) gr\u00e2ce \u00e0 la bague de r\u00e9duction fournie.<\/p>\n<p>Taille : 410 x 210 x 235 mm<\/p>","protected":false},"excerpt":{"rendered":"<p>Nichoir en bois massif de Weymouth rabot\u00e9.<\/p>","protected":false},"featured_media":58629,"template":"","meta":[],"product_brand":[],"product_cat":[1113,1263,1266,1267,34],"product_tag":[973],"woo-feed-brand":[],"class_list":{"0":"post-58356","1":"product","2":"type-product","3":"status-publish","4":"has-post-thumbnail","6":"product_cat-gartenbewohner","7":"product_cat-fleuropkids","8":"product_cat-garten-outdoor","9":"product_cat-tiere-lebensraeume","10":"product_cat-garten-balkon","11":"product_tag-samen-mauser","13":"first","14":"instock","15":"taxable","16":"shipping-taxable","17":"purchasable","18":"product-type-simple"},"_links":{"self":[{"href":"https:\/\/www.fleurop-home.ch\/fr-ch\/wp-json\/wp\/v2\/product\/58356","targetHints":{"allow":["GET"]}}],"collection":[{"href":"https:\/\/www.fleurop-home.ch\/fr-ch\/wp-json\/wp\/v2\/product"}],"about":[{"href":"https:\/\/www.fleurop-home.ch\/fr-ch\/wp-json\/wp\/v2\/types\/product"}],"wp:featuredmedia":[{"embeddable":true,"href":"https:\/\/www.fleurop-home.ch\/fr-ch\/wp-json\/wp\/v2\/media\/58629"}],"wp:attachment":[{"href":"https:\/\/www.fleurop-home.ch\/fr-ch\/wp-json\/wp\/v2\/media?parent=58356"}],"wp:term":[{"taxonomy":"product_brand","embeddable":true,"href":"https:\/\/www.fleurop-home.ch\/fr-ch\/wp-json\/wp\/v2\/product_brand?post=58356"},{"taxonomy":"product_cat","embeddable":true,"href":"https:\/\/www.fleurop-home.ch\/fr-ch\/wp-json\/wp\/v2\/product_cat?post=58356"},{"taxonomy":"product_tag","embeddable":true,"href":"https:\/\/www.fleurop-home.ch\/fr-ch\/wp-json\/wp\/v2\/product_tag?post=58356"},{"taxonomy":"woo-feed-brand","embeddable":true,"href":"https:\/\/www.fleurop-home.ch\/fr-ch\/wp-json\/wp\/v2\/woo-feed-brand?post=58356"}],"curies":[{"name":"wp","href":"https:\/\/api.w.org\/{rel}","templated":true}]}}