{"id":58354,"date":"2025-07-01T16:26:26","date_gmt":"2025-07-01T14:26:26","guid":{"rendered":"https:\/\/www.fleurop-home.ch\/de-ch\/p\/fledermauskasten"},"modified":"2026-04-22T11:34:06","modified_gmt":"2026-04-22T09:34:06","slug":"gite-a-chauves-souris","status":"publish","type":"product","link":"https:\/\/www.fleurop-home.ch\/fr-ch\/p\/fledermauskasten","title":{"rendered":"G\u00eete \u00e0 chauves-souris"},"content":{"rendered":"<p>Offre un foyer aux insectivores naturels avec notre g\u00eete \u00e0 chauves-souris. Fabriqu\u00e9 \u00e0 partir de panneaux d'\u00e9pic\u00e9a massifs non trait\u00e9s, ce nichoir est soigneusement viss\u00e9 ensemble pour cr\u00e9er un abri s\u00fbr et confortable pour les chauves-souris. Place-le \u00e0 un endroit appropri\u00e9 et favorise ainsi l'\u00e9quilibre \u00e9cologique en soutenant la contribution importante des chauves-souris au contr\u00f4le des populations d'insectes. Avec couvercle rabattable, paroi arri\u00e8re et couvercle. Dispositif de suspension et de vissage inclus.<\/p>","protected":false},"excerpt":{"rendered":"<p>Offre un foyer aux insectivores naturels avec notre g\u00eete \u00e0 chauves-souris.<\/p>","protected":false},"featured_media":58631,"template":"","meta":[],"product_brand":[],"product_cat":[1113,1263,1266,1267,34],"product_tag":[973],"woo-feed-brand":[],"class_list":{"0":"post-58354","1":"product","2":"type-product","3":"status-publish","4":"has-post-thumbnail","6":"product_cat-gartenbewohner","7":"product_cat-fleuropkids","8":"product_cat-garten-outdoor","9":"product_cat-tiere-lebensraeume","10":"product_cat-garten-balkon","11":"product_tag-samen-mauser","13":"first","14":"instock","15":"taxable","16":"shipping-taxable","17":"purchasable","18":"product-type-simple"},"_links":{"self":[{"href":"https:\/\/www.fleurop-home.ch\/fr-ch\/wp-json\/wp\/v2\/product\/58354","targetHints":{"allow":["GET"]}}],"collection":[{"href":"https:\/\/www.fleurop-home.ch\/fr-ch\/wp-json\/wp\/v2\/product"}],"about":[{"href":"https:\/\/www.fleurop-home.ch\/fr-ch\/wp-json\/wp\/v2\/types\/product"}],"wp:featuredmedia":[{"embeddable":true,"href":"https:\/\/www.fleurop-home.ch\/fr-ch\/wp-json\/wp\/v2\/media\/58631"}],"wp:attachment":[{"href":"https:\/\/www.fleurop-home.ch\/fr-ch\/wp-json\/wp\/v2\/media?parent=58354"}],"wp:term":[{"taxonomy":"product_brand","embeddable":true,"href":"https:\/\/www.fleurop-home.ch\/fr-ch\/wp-json\/wp\/v2\/product_brand?post=58354"},{"taxonomy":"product_cat","embeddable":true,"href":"https:\/\/www.fleurop-home.ch\/fr-ch\/wp-json\/wp\/v2\/product_cat?post=58354"},{"taxonomy":"product_tag","embeddable":true,"href":"https:\/\/www.fleurop-home.ch\/fr-ch\/wp-json\/wp\/v2\/product_tag?post=58354"},{"taxonomy":"woo-feed-brand","embeddable":true,"href":"https:\/\/www.fleurop-home.ch\/fr-ch\/wp-json\/wp\/v2\/woo-feed-brand?post=58354"}],"curies":[{"name":"wp","href":"https:\/\/api.w.org\/{rel}","templated":true}]}}