{"id":58353,"date":"2025-06-25T10:06:12","date_gmt":"2025-06-25T08:06:12","guid":{"rendered":"https:\/\/www.fleurop-home.ch\/de-ch\/p\/firefly-ko-kerzen"},"modified":"2025-07-30T09:07:09","modified_gmt":"2025-07-30T07:07:09","slug":"bougies-firefly-oeko","status":"publish","type":"product","link":"https:\/\/www.fleurop-home.ch\/fr-ch\/p\/firefly-oeko-kerzen","title":{"rendered":"Bougies \u00e9cologiques Firefly"},"content":{"rendered":"<p>Id\u00e9al pour le contr\u00f4leur de gel FireFly. Neutre en carbone et respectueuse des ressources. Fabriqu\u00e9e \u00e0 partir de biomasse durable, cette bougie sp\u00e9ciale est une solution \u00e9cologique pour ton contr\u00f4leur de gel. Avec une dur\u00e9e de combustion impressionnante d'au moins 42 heures par bougie, elle garantit une chaleur durable sans nuire \u00e0 l'environnement.<\/p>\n<p>10 x \u00d8 6.3 cm, 200g, lot de 6<\/p>","protected":false},"excerpt":{"rendered":"<p>Id\u00e9al pour le contr\u00f4leur de gel FireFly. Neutre en carbone et pr\u00e9servant les ressources.<\/p>","protected":false},"featured_media":58404,"template":"","meta":[],"product_brand":[],"product_cat":[35,23,103,28,34],"product_tag":[973],"woo-feed-brand":[],"class_list":{"0":"post-58353","1":"product","2":"type-product","3":"status-publish","4":"has-post-thumbnail","6":"product_cat-gartendeko","7":"product_cat-home-living","8":"product_cat-kerzen","9":"product_cat-kerzen-lichter","10":"product_cat-garten-balkon","11":"product_tag-samen-mauser","13":"first","14":"instock","15":"taxable","16":"shipping-taxable","17":"purchasable","18":"product-type-simple"},"_links":{"self":[{"href":"https:\/\/www.fleurop-home.ch\/fr-ch\/wp-json\/wp\/v2\/product\/58353","targetHints":{"allow":["GET"]}}],"collection":[{"href":"https:\/\/www.fleurop-home.ch\/fr-ch\/wp-json\/wp\/v2\/product"}],"about":[{"href":"https:\/\/www.fleurop-home.ch\/fr-ch\/wp-json\/wp\/v2\/types\/product"}],"wp:featuredmedia":[{"embeddable":true,"href":"https:\/\/www.fleurop-home.ch\/fr-ch\/wp-json\/wp\/v2\/media\/58404"}],"wp:attachment":[{"href":"https:\/\/www.fleurop-home.ch\/fr-ch\/wp-json\/wp\/v2\/media?parent=58353"}],"wp:term":[{"taxonomy":"product_brand","embeddable":true,"href":"https:\/\/www.fleurop-home.ch\/fr-ch\/wp-json\/wp\/v2\/product_brand?post=58353"},{"taxonomy":"product_cat","embeddable":true,"href":"https:\/\/www.fleurop-home.ch\/fr-ch\/wp-json\/wp\/v2\/product_cat?post=58353"},{"taxonomy":"product_tag","embeddable":true,"href":"https:\/\/www.fleurop-home.ch\/fr-ch\/wp-json\/wp\/v2\/product_tag?post=58353"},{"taxonomy":"woo-feed-brand","embeddable":true,"href":"https:\/\/www.fleurop-home.ch\/fr-ch\/wp-json\/wp\/v2\/woo-feed-brand?post=58353"}],"curies":[{"name":"wp","href":"https:\/\/api.w.org\/{rel}","templated":true}]}}