{"id":58326,"date":"2025-06-25T10:06:02","date_gmt":"2025-06-25T08:06:02","guid":{"rendered":"https:\/\/www.fleurop-home.ch\/de-ch\/p\/kbelpflanzensack-s"},"modified":"2025-07-30T09:12:49","modified_gmt":"2025-07-30T07:12:49","slug":"sac-pour-plantes-en-pots-s","status":"publish","type":"product","link":"https:\/\/www.fleurop-home.ch\/fr-ch\/p\/kuebelpflanzensack-s","title":{"rendered":"Sac pour plantes en bac S"},"content":{"rendered":"<p>Micro-tissu extra large pour une protection hivernale s\u00fbre de tes plantes en bac - id\u00e9al pour les plates-bandes et les bacs. Fabriqu\u00e9 \u00e0 partir d'un mat\u00e9riau tiss\u00e9 extr\u00eamement r\u00e9sistant aux intemp\u00e9ries et \u00e0 la d\u00e9chirure. Cette couverture r\u00e9sistante aux UV et r\u00e9utilisable est extr\u00eamement durable. Facile \u00e0 utiliser gr\u00e2ce \u00e0 la fermeture \u00e9clair et aux 2 fermetures \u00e0 lacets pratiques. Offre une protection contre le froid, le vent, la neige, la pluie et le dess\u00e8chement. Prot\u00e8ge efficacement les pousses et les couronnes. R\u00e9siste aux UV, laisse passer la lumi\u00e8re, ne se d\u00e9chire pas et respire.<\/p>\n<p>Taille 80 x 60 cm, 50 g\/m2<\/p>","protected":false},"excerpt":{"rendered":"<p>Micro-tissu extra large pour une protection hivernale s\u00fbre de tes plantes en bac - id\u00e9al pour les plates-bandes et les bacs. Fabriqu\u00e9 en mat\u00e9riau tiss\u00e9 extr\u00eamement r\u00e9sistant aux intemp\u00e9ries et ind\u00e9chirable.<\/p>","protected":false},"featured_media":58450,"template":"","meta":[],"product_brand":[],"product_cat":[39,34,1124],"product_tag":[973],"woo-feed-brand":[],"class_list":{"0":"post-58326","1":"product","2":"type-product","3":"status-publish","4":"has-post-thumbnail","6":"product_cat-gartenzubehoer","7":"product_cat-garten-balkon","8":"product_cat-schutz","9":"product_tag-samen-mauser","11":"first","12":"instock","13":"taxable","14":"shipping-taxable","15":"purchasable","16":"product-type-simple"},"_links":{"self":[{"href":"https:\/\/www.fleurop-home.ch\/fr-ch\/wp-json\/wp\/v2\/product\/58326","targetHints":{"allow":["GET"]}}],"collection":[{"href":"https:\/\/www.fleurop-home.ch\/fr-ch\/wp-json\/wp\/v2\/product"}],"about":[{"href":"https:\/\/www.fleurop-home.ch\/fr-ch\/wp-json\/wp\/v2\/types\/product"}],"wp:featuredmedia":[{"embeddable":true,"href":"https:\/\/www.fleurop-home.ch\/fr-ch\/wp-json\/wp\/v2\/media\/58450"}],"wp:attachment":[{"href":"https:\/\/www.fleurop-home.ch\/fr-ch\/wp-json\/wp\/v2\/media?parent=58326"}],"wp:term":[{"taxonomy":"product_brand","embeddable":true,"href":"https:\/\/www.fleurop-home.ch\/fr-ch\/wp-json\/wp\/v2\/product_brand?post=58326"},{"taxonomy":"product_cat","embeddable":true,"href":"https:\/\/www.fleurop-home.ch\/fr-ch\/wp-json\/wp\/v2\/product_cat?post=58326"},{"taxonomy":"product_tag","embeddable":true,"href":"https:\/\/www.fleurop-home.ch\/fr-ch\/wp-json\/wp\/v2\/product_tag?post=58326"},{"taxonomy":"woo-feed-brand","embeddable":true,"href":"https:\/\/www.fleurop-home.ch\/fr-ch\/wp-json\/wp\/v2\/woo-feed-brand?post=58326"}],"curies":[{"name":"wp","href":"https:\/\/api.w.org\/{rel}","templated":true}]}}