{"id":58323,"date":"2025-06-25T09:52:13","date_gmt":"2025-06-25T07:52:13","guid":{"rendered":"https:\/\/www.fleurop-home.ch\/de-ch\/?post_type=product&#038;p=58323"},"modified":"2025-10-22T13:29:14","modified_gmt":"2025-10-22T11:29:14","slug":"vase-vintage-gris","status":"publish","type":"product","link":"https:\/\/www.fleurop-home.ch\/fr-ch\/p\/krugvase-vintage-grau","title":{"rendered":"Vase pichet \"Vintage\", gris"},"content":{"rendered":"<p><strong>Hauteur :\u00a0<\/strong>23 cm<\/p>\n<p><strong>Mat\u00e9riel :<\/strong>\u00a0Acier galvanis\u00e9<\/p>\n<p><strong>Couleur :\u00a0<\/strong>Gris<\/p>\n<p><strong>Le volume :<\/strong>\u00a01,8 litre<\/p>\n<p><strong>Particularit\u00e9s :<\/strong>\u00a0Inoxydable et r\u00e9sistant aux intemp\u00e9ries<\/p>","protected":false},"excerpt":{"rendered":"<p>Avec ce vase vintage en m\u00e9tal, tu cr\u00e9es une ambiance confortable et \u00e9l\u00e9gante dans ta maison. Qu'il soit amoureusement garni de fleurs fra\u00eeches ou qu'il serve de point d'orgue d\u00e9coratif sur une \u00e9tag\u00e8re, ce charmant vase pichet attirera \u00e0 coup s\u00fbr tous les regards.<\/p>","protected":false},"featured_media":58324,"template":"","meta":[],"product_brand":[],"product_cat":[27,23,1197],"product_tag":[325],"woo-feed-brand":[],"class_list":{"0":"post-58323","1":"product","2":"type-product","3":"status-publish","4":"has-post-thumbnail","6":"product_cat-vasen-gefaesse","7":"product_cat-home-living","8":"product_cat-vasen","9":"product_tag-veg-and-the-city","11":"first","12":"instock","13":"taxable","14":"shipping-taxable","15":"purchasable","16":"product-type-simple"},"_links":{"self":[{"href":"https:\/\/www.fleurop-home.ch\/fr-ch\/wp-json\/wp\/v2\/product\/58323","targetHints":{"allow":["GET"]}}],"collection":[{"href":"https:\/\/www.fleurop-home.ch\/fr-ch\/wp-json\/wp\/v2\/product"}],"about":[{"href":"https:\/\/www.fleurop-home.ch\/fr-ch\/wp-json\/wp\/v2\/types\/product"}],"wp:featuredmedia":[{"embeddable":true,"href":"https:\/\/www.fleurop-home.ch\/fr-ch\/wp-json\/wp\/v2\/media\/58324"}],"wp:attachment":[{"href":"https:\/\/www.fleurop-home.ch\/fr-ch\/wp-json\/wp\/v2\/media?parent=58323"}],"wp:term":[{"taxonomy":"product_brand","embeddable":true,"href":"https:\/\/www.fleurop-home.ch\/fr-ch\/wp-json\/wp\/v2\/product_brand?post=58323"},{"taxonomy":"product_cat","embeddable":true,"href":"https:\/\/www.fleurop-home.ch\/fr-ch\/wp-json\/wp\/v2\/product_cat?post=58323"},{"taxonomy":"product_tag","embeddable":true,"href":"https:\/\/www.fleurop-home.ch\/fr-ch\/wp-json\/wp\/v2\/product_tag?post=58323"},{"taxonomy":"woo-feed-brand","embeddable":true,"href":"https:\/\/www.fleurop-home.ch\/fr-ch\/wp-json\/wp\/v2\/woo-feed-brand?post=58323"}],"curies":[{"name":"wp","href":"https:\/\/api.w.org\/{rel}","templated":true}]}}