{"id":58097,"date":"2025-06-24T14:50:21","date_gmt":"2025-06-24T12:50:21","guid":{"rendered":"https:\/\/www.fleurop-home.ch\/de-ch\/?post_type=product&#038;p=58097"},"modified":"2025-12-10T10:39:45","modified_gmt":"2025-12-10T09:39:45","slug":"vinaigre-balsamique-maracuja","status":"publish","type":"product","link":"https:\/\/www.fleurop-home.ch\/fr-ch\/p\/balsamessig-maracuja","title":{"rendered":"Vinaigre balsamique \"Maracuja"},"content":{"rendered":"<p>D\u00e9couvre le vinaigre balsamique \"Maracuja\"\" comme un raffinement fruit\u00e9 et exotique pour ta cuisine - \u00e9tonnamment polyvalent et tout simplement divin. Un d\u00e9lice qui ravit le palais et l'\u00e2me.<\/p>\n<p>Un vinaigre de bi\u00e8re \u00e0 la conqu\u00eate du palais. La brasserie innovante Locher d'Appenzell veut t'inspirer culinairement avec sa nouvelle ligne Cr\u00e9aCeto. Ils ont cr\u00e9\u00e9 trois vinaigres balsamiques sp\u00e9ciaux, fabriqu\u00e9s \u00e0 partir de vinaigre de bi\u00e8re. Agr\u00e9ment\u00e9s de fruits exotiques de la C\u00f4te d'Ivoire ou de fruits locaux de l'Appenzeller Vorderland, ces vinaigres balsamiques sont d\u00e9licieux.<\/p>\n<p>L'essence rafra\u00eechissante de maracuja contenue dans le vinaigre balsamique \"Maracuja\" apporte une touche d'exotisme \u00e0 ta cuisine.<\/p>\n<p><strong>Contenu : <\/strong>25 cl<\/p>","protected":false},"excerpt":{"rendered":"<p data-start=\"75\" data-end=\"254\">La ligne Cr\u00e9aCeto t'invite \u00e0 l'essayer.<\/p>","protected":false},"featured_media":58098,"template":"","meta":[],"product_brand":[],"product_cat":[111,995,984,42,885,52,54],"product_tag":[325],"woo-feed-brand":[],"class_list":{"0":"post-58097","1":"product","2":"type-product","3":"status-publish","4":"has-post-thumbnail","6":"product_cat-saucen","7":"product_cat-essen-trinken","8":"product_cat-silvester","9":"product_cat-kueche","10":"product_cat-koestlichkeiten","11":"product_cat-geschenke","12":"product_cat-feinkost","13":"product_tag-veg-and-the-city","15":"first","16":"instock","17":"taxable","18":"shipping-taxable","19":"purchasable","20":"product-type-simple"},"_links":{"self":[{"href":"https:\/\/www.fleurop-home.ch\/fr-ch\/wp-json\/wp\/v2\/product\/58097","targetHints":{"allow":["GET"]}}],"collection":[{"href":"https:\/\/www.fleurop-home.ch\/fr-ch\/wp-json\/wp\/v2\/product"}],"about":[{"href":"https:\/\/www.fleurop-home.ch\/fr-ch\/wp-json\/wp\/v2\/types\/product"}],"wp:featuredmedia":[{"embeddable":true,"href":"https:\/\/www.fleurop-home.ch\/fr-ch\/wp-json\/wp\/v2\/media\/58098"}],"wp:attachment":[{"href":"https:\/\/www.fleurop-home.ch\/fr-ch\/wp-json\/wp\/v2\/media?parent=58097"}],"wp:term":[{"taxonomy":"product_brand","embeddable":true,"href":"https:\/\/www.fleurop-home.ch\/fr-ch\/wp-json\/wp\/v2\/product_brand?post=58097"},{"taxonomy":"product_cat","embeddable":true,"href":"https:\/\/www.fleurop-home.ch\/fr-ch\/wp-json\/wp\/v2\/product_cat?post=58097"},{"taxonomy":"product_tag","embeddable":true,"href":"https:\/\/www.fleurop-home.ch\/fr-ch\/wp-json\/wp\/v2\/product_tag?post=58097"},{"taxonomy":"woo-feed-brand","embeddable":true,"href":"https:\/\/www.fleurop-home.ch\/fr-ch\/wp-json\/wp\/v2\/woo-feed-brand?post=58097"}],"curies":[{"name":"wp","href":"https:\/\/api.w.org\/{rel}","templated":true}]}}