{"id":58094,"date":"2025-06-24T14:25:13","date_gmt":"2025-06-24T12:25:13","guid":{"rendered":"https:\/\/www.fleurop-home.ch\/de-ch\/?post_type=product&#038;p=58094"},"modified":"2025-12-10T10:39:45","modified_gmt":"2025-12-10T09:39:45","slug":"vinaigre-balsamique-de-pomme-et-de-poire","status":"publish","type":"product","link":"https:\/\/www.fleurop-home.ch\/fr-ch\/p\/balsamessig-apfel-und-birne","title":{"rendered":"Vinaigre balsamique \"pomme et poire"},"content":{"rendered":"<p>D\u00e9couvre le vinaigre balsamique \"pomme et poire\" comme un raffinement fruit\u00e9 et exotique pour ta cuisine - \u00e9tonnamment polyvalent et tout simplement divin. Un d\u00e9lice qui ravit le palais et l'\u00e2me.<\/p>\n<p>Un vinaigre de bi\u00e8re \u00e0 la conqu\u00eate du palais. La brasserie innovante Locher d'Appenzell veut t'inspirer culinairement avec sa nouvelle ligne Cr\u00e9aCeto. Ils ont cr\u00e9\u00e9 trois vinaigres balsamiques sp\u00e9ciaux, fabriqu\u00e9s \u00e0 partir de vinaigre de bi\u00e8re. Agr\u00e9ment\u00e9s de fruits exotiques de la C\u00f4te d'Ivoire ou de fruits locaux de l'Appenzeller Vorderland, ces vinaigres balsamiques sont d\u00e9licieux.<\/p>\n<p>Dans le vinaigre balsamique \"pomme\/poire\", la richesse des saveurs de 28 vari\u00e9t\u00e9s diff\u00e9rentes de pommes et de poires de l'Appenzeller Vorderland s'\u00e9panouit pleinement.<\/p>\n<p><strong>Contenu : <\/strong>25 cl<\/p>","protected":false},"excerpt":{"rendered":"<p data-start=\"75\" data-end=\"254\">La ligne Cr\u00e9aCeto t'invite \u00e0 l'essayer.<\/p>","protected":false},"featured_media":58096,"template":"","meta":[],"product_brand":[],"product_cat":[111,995,984,1208,909,915,42,885,52,54],"product_tag":[325],"woo-feed-brand":[],"class_list":{"0":"post-58094","1":"product","2":"type-product","3":"status-publish","4":"has-post-thumbnail","6":"product_cat-saucen","7":"product_cat-essen-trinken","8":"product_cat-silvester","9":"product_cat-ueber-25-chf","10":"product_cat-weihnachten","11":"product_cat-wichteln","12":"product_cat-kueche","13":"product_cat-koestlichkeiten","14":"product_cat-geschenke","15":"product_cat-feinkost","16":"product_tag-veg-and-the-city","18":"first","19":"instock","20":"taxable","21":"shipping-taxable","22":"purchasable","23":"product-type-simple"},"_links":{"self":[{"href":"https:\/\/www.fleurop-home.ch\/fr-ch\/wp-json\/wp\/v2\/product\/58094","targetHints":{"allow":["GET"]}}],"collection":[{"href":"https:\/\/www.fleurop-home.ch\/fr-ch\/wp-json\/wp\/v2\/product"}],"about":[{"href":"https:\/\/www.fleurop-home.ch\/fr-ch\/wp-json\/wp\/v2\/types\/product"}],"wp:featuredmedia":[{"embeddable":true,"href":"https:\/\/www.fleurop-home.ch\/fr-ch\/wp-json\/wp\/v2\/media\/58096"}],"wp:attachment":[{"href":"https:\/\/www.fleurop-home.ch\/fr-ch\/wp-json\/wp\/v2\/media?parent=58094"}],"wp:term":[{"taxonomy":"product_brand","embeddable":true,"href":"https:\/\/www.fleurop-home.ch\/fr-ch\/wp-json\/wp\/v2\/product_brand?post=58094"},{"taxonomy":"product_cat","embeddable":true,"href":"https:\/\/www.fleurop-home.ch\/fr-ch\/wp-json\/wp\/v2\/product_cat?post=58094"},{"taxonomy":"product_tag","embeddable":true,"href":"https:\/\/www.fleurop-home.ch\/fr-ch\/wp-json\/wp\/v2\/product_tag?post=58094"},{"taxonomy":"woo-feed-brand","embeddable":true,"href":"https:\/\/www.fleurop-home.ch\/fr-ch\/wp-json\/wp\/v2\/woo-feed-brand?post=58094"}],"curies":[{"name":"wp","href":"https:\/\/api.w.org\/{rel}","templated":true}]}}