{"id":58063,"date":"2025-06-24T10:33:48","date_gmt":"2025-06-24T08:33:48","guid":{"rendered":"https:\/\/www.fleurop-home.ch\/de-ch\/?post_type=product&#038;p=58063"},"modified":"2026-04-01T14:57:25","modified_gmt":"2026-04-01T12:57:25","slug":"sac-en-tissu-fleurs-sauvages","status":"publish","type":"product","link":"https:\/\/www.fleurop-home.ch\/fr-ch\/p\/stoffbeutel-wildblumen","title":{"rendered":"Sac en tissu \"fleurs sauvages"},"content":{"rendered":"<p>Les sacs en tissu de Cavallini allient durabilit\u00e9 et style. Le joli sac est fabriqu\u00e9 en coton naturel 100% et peut \u00eatre utilis\u00e9 \u00e0 plusieurs reprises pour faire les courses. Tu peux ainsi \u00e9viter les sacs en plastique et tes achats sont emball\u00e9s de mani\u00e8re plus jolie. Le sac de transport est orn\u00e9 d'un magnifique motif de fleurs sauvages issu des archives de Cavallini et dispose d'une poche int\u00e9rieure pratique.<\/p>\n<p><strong>Mat\u00e9riel :<\/strong>\u00a0100% coton naturel<\/p>\n<p><strong>La taille :<\/strong>\u00a033 x 43 cm<\/p>","protected":false},"excerpt":{"rendered":"<p>Avec ce sac en tissu joliment con\u00e7u, tu n'as plus besoin de sacs en plastique - et tu fais en m\u00eame temps un geste \u00e9l\u00e9gant pour la durabilit\u00e9.<\/p>","protected":false},"featured_media":58073,"template":"","meta":[],"product_brand":[],"product_cat":[31,23,1023,797,52,55],"product_tag":[325],"woo-feed-brand":[],"class_list":{"0":"post-58063","1":"product","2":"type-product","3":"status-publish","4":"has-post-thumbnail","6":"product_cat-heimtextilien","7":"product_cat-home-living","8":"product_cat-fuer-mama","9":"product_cat-muttertag","10":"product_cat-geschenke","11":"product_cat-blumige-geschenke","12":"product_tag-veg-and-the-city","14":"first","15":"instock","16":"taxable","17":"shipping-taxable","18":"purchasable","19":"product-type-simple"},"_links":{"self":[{"href":"https:\/\/www.fleurop-home.ch\/fr-ch\/wp-json\/wp\/v2\/product\/58063","targetHints":{"allow":["GET"]}}],"collection":[{"href":"https:\/\/www.fleurop-home.ch\/fr-ch\/wp-json\/wp\/v2\/product"}],"about":[{"href":"https:\/\/www.fleurop-home.ch\/fr-ch\/wp-json\/wp\/v2\/types\/product"}],"wp:featuredmedia":[{"embeddable":true,"href":"https:\/\/www.fleurop-home.ch\/fr-ch\/wp-json\/wp\/v2\/media\/58073"}],"wp:attachment":[{"href":"https:\/\/www.fleurop-home.ch\/fr-ch\/wp-json\/wp\/v2\/media?parent=58063"}],"wp:term":[{"taxonomy":"product_brand","embeddable":true,"href":"https:\/\/www.fleurop-home.ch\/fr-ch\/wp-json\/wp\/v2\/product_brand?post=58063"},{"taxonomy":"product_cat","embeddable":true,"href":"https:\/\/www.fleurop-home.ch\/fr-ch\/wp-json\/wp\/v2\/product_cat?post=58063"},{"taxonomy":"product_tag","embeddable":true,"href":"https:\/\/www.fleurop-home.ch\/fr-ch\/wp-json\/wp\/v2\/product_tag?post=58063"},{"taxonomy":"woo-feed-brand","embeddable":true,"href":"https:\/\/www.fleurop-home.ch\/fr-ch\/wp-json\/wp\/v2\/woo-feed-brand?post=58063"}],"curies":[{"name":"wp","href":"https:\/\/api.w.org\/{rel}","templated":true}]}}