{"id":57855,"date":"2025-06-18T16:24:53","date_gmt":"2025-06-18T14:24:53","guid":{"rendered":"https:\/\/www.fleurop-home.ch\/de-ch\/?post_type=product&#038;p=57855"},"modified":"2026-04-01T14:57:26","modified_gmt":"2026-04-01T12:57:26","slug":"puzzle-jardin-de-fleurs","status":"publish","type":"product","link":"https:\/\/www.fleurop-home.ch\/fr-ch\/p\/puzzle-blumengarten","title":{"rendered":"Puzzle \"Jardin de fleurs"},"content":{"rendered":"<p>Faire un puzzle n'est pas seulement relaxant, cela renforce aussi ta concentration. Ce magnifique puzzle de 1000 pi\u00e8ces t'emm\u00e8ne pi\u00e8ce par pi\u00e8ce dans un jardin de fleurs de r\u00eave - un motif issu des archives historiques de Cavallini. Id\u00e9al pour tous ceux qui aiment les fleurs et qui aiment se reposer.<\/p>\n<p>Le puzzle est livr\u00e9 dans un tube en carton imprim\u00e9 avec le motif. Les pi\u00e8ces du puzzle sont \u00e9galement rang\u00e9es dans une fine pochette en coton avec un cordon de serrage pratique. Chaque puzzle est accompagn\u00e9 d'une mini image du motif comme mod\u00e8le.<\/p>\n<p><strong>Taille (l x h) :<\/strong>\u00a055 x 70 cm<\/p>\n<p><strong>Pi\u00e8ces :<\/strong>\u00a01000 pi\u00e8ces<\/p>\n<p><strong>Hauteur de l'emballage :<\/strong>\u00a025.5 cm<\/p>","protected":false},"excerpt":{"rendered":"<p>Dis bonjour \u00e0 ton nouveau passe-temps favori !<\/p>","protected":false},"featured_media":58032,"template":"","meta":[],"product_brand":[],"product_cat":[1191,23,1023,797,30,52,55],"product_tag":[325],"woo-feed-brand":[],"class_list":{"0":"post-57855","1":"product","2":"type-product","3":"status-publish","4":"has-post-thumbnail","6":"product_cat-wanddeko","7":"product_cat-home-living","8":"product_cat-fuer-mama","9":"product_cat-muttertag","10":"product_cat-deko-accessoires","11":"product_cat-geschenke","12":"product_cat-blumige-geschenke","13":"product_tag-veg-and-the-city","15":"first","16":"instock","17":"taxable","18":"shipping-taxable","19":"purchasable","20":"product-type-simple"},"_links":{"self":[{"href":"https:\/\/www.fleurop-home.ch\/fr-ch\/wp-json\/wp\/v2\/product\/57855","targetHints":{"allow":["GET"]}}],"collection":[{"href":"https:\/\/www.fleurop-home.ch\/fr-ch\/wp-json\/wp\/v2\/product"}],"about":[{"href":"https:\/\/www.fleurop-home.ch\/fr-ch\/wp-json\/wp\/v2\/types\/product"}],"wp:featuredmedia":[{"embeddable":true,"href":"https:\/\/www.fleurop-home.ch\/fr-ch\/wp-json\/wp\/v2\/media\/58032"}],"wp:attachment":[{"href":"https:\/\/www.fleurop-home.ch\/fr-ch\/wp-json\/wp\/v2\/media?parent=57855"}],"wp:term":[{"taxonomy":"product_brand","embeddable":true,"href":"https:\/\/www.fleurop-home.ch\/fr-ch\/wp-json\/wp\/v2\/product_brand?post=57855"},{"taxonomy":"product_cat","embeddable":true,"href":"https:\/\/www.fleurop-home.ch\/fr-ch\/wp-json\/wp\/v2\/product_cat?post=57855"},{"taxonomy":"product_tag","embeddable":true,"href":"https:\/\/www.fleurop-home.ch\/fr-ch\/wp-json\/wp\/v2\/product_tag?post=57855"},{"taxonomy":"woo-feed-brand","embeddable":true,"href":"https:\/\/www.fleurop-home.ch\/fr-ch\/wp-json\/wp\/v2\/woo-feed-brand?post=57855"}],"curies":[{"name":"wp","href":"https:\/\/api.w.org\/{rel}","templated":true}]}}