{"id":57845,"date":"2025-06-18T14:29:18","date_gmt":"2025-06-18T12:29:18","guid":{"rendered":"https:\/\/www.fleurop-home.ch\/de-ch\/?post_type=product&#038;p=57845"},"modified":"2025-10-22T13:29:15","modified_gmt":"2025-10-22T11:29:15","slug":"vase-a-fleurs-floral-bleu-gris-h-18-cm","status":"publish","type":"product","link":"https:\/\/www.fleurop-home.ch\/fr-ch\/p\/blumenvase-floral-blaugrau-h-18-cm","title":{"rendered":"Vase \u00e0 fleurs \"Floral\", bleu-gris - H 18 cm"},"content":{"rendered":"<p><strong>Mat\u00e9riel :<\/strong>\u00a0C\u00e9ramique<\/p>\n<p><strong>Dimensions (D x H) :<\/strong> 12 x 18 cm<\/p>\n<p><strong>Couleur :<\/strong> Blanc avec un motif floral bleu-gris<\/p>","protected":false},"excerpt":{"rendered":"<p>Avec ce vase d\u00e9cor\u00e9 avec amour, tu mets en valeur ta composition florale avec style. Le design d\u00e9licat permet d'attirer l'attention avec \u00e9l\u00e9gance - que ce soit sur la table \u00e0 manger, le buffet ou le rebord de fen\u00eatre. Deux tailles, deux couleurs - parfait pour ajouter une touche de flower power \u00e0 ton int\u00e9rieur.<\/p>","protected":false},"featured_media":57846,"template":"","meta":[],"product_brand":[],"product_cat":[27,23,1197],"product_tag":[325],"woo-feed-brand":[],"class_list":{"0":"post-57845","1":"product","2":"type-product","3":"status-publish","4":"has-post-thumbnail","6":"product_cat-vasen-gefaesse","7":"product_cat-home-living","8":"product_cat-vasen","9":"product_tag-veg-and-the-city","11":"first","12":"instock","13":"taxable","14":"shipping-taxable","15":"purchasable","16":"product-type-simple"},"_links":{"self":[{"href":"https:\/\/www.fleurop-home.ch\/fr-ch\/wp-json\/wp\/v2\/product\/57845","targetHints":{"allow":["GET"]}}],"collection":[{"href":"https:\/\/www.fleurop-home.ch\/fr-ch\/wp-json\/wp\/v2\/product"}],"about":[{"href":"https:\/\/www.fleurop-home.ch\/fr-ch\/wp-json\/wp\/v2\/types\/product"}],"wp:featuredmedia":[{"embeddable":true,"href":"https:\/\/www.fleurop-home.ch\/fr-ch\/wp-json\/wp\/v2\/media\/57846"}],"wp:attachment":[{"href":"https:\/\/www.fleurop-home.ch\/fr-ch\/wp-json\/wp\/v2\/media?parent=57845"}],"wp:term":[{"taxonomy":"product_brand","embeddable":true,"href":"https:\/\/www.fleurop-home.ch\/fr-ch\/wp-json\/wp\/v2\/product_brand?post=57845"},{"taxonomy":"product_cat","embeddable":true,"href":"https:\/\/www.fleurop-home.ch\/fr-ch\/wp-json\/wp\/v2\/product_cat?post=57845"},{"taxonomy":"product_tag","embeddable":true,"href":"https:\/\/www.fleurop-home.ch\/fr-ch\/wp-json\/wp\/v2\/product_tag?post=57845"},{"taxonomy":"woo-feed-brand","embeddable":true,"href":"https:\/\/www.fleurop-home.ch\/fr-ch\/wp-json\/wp\/v2\/woo-feed-brand?post=57845"}],"curies":[{"name":"wp","href":"https:\/\/api.w.org\/{rel}","templated":true}]}}