{"id":57816,"date":"2025-06-17T16:02:24","date_gmt":"2025-06-17T14:02:24","guid":{"rendered":"https:\/\/www.fleurop-home.ch\/de-ch\/?post_type=product&#038;p=57816"},"modified":"2025-07-17T07:53:49","modified_gmt":"2025-07-17T05:53:49","slug":"porte-savon-marron","status":"publish","type":"product","link":"https:\/\/www.fleurop-home.ch\/fr-ch\/p\/seifenschale-braun","title":{"rendered":"Porte-savon, marron"},"content":{"rendered":"<p><strong>La masse :<\/strong>\u00a013 x 11 x 3.5 cm<\/p>\n<p><strong>Mat\u00e9riel :<\/strong>\u00a0Gr\u00e8s<\/p>\n<p><strong>Couleur :<\/strong>\u00a0Marron avec bord dor\u00e9<\/p>","protected":false},"excerpt":{"rendered":"<p>Ce porte-savon \u00e9l\u00e9gant attire le regard - l'\u00e9mail mat mouchet\u00e9 lui donne du caract\u00e8re. Gr\u00e2ce \u00e0 la forme ronde et aux orifices d'\u00e9coulement, le savon reste au sec et \u00e0 port\u00e9e de main.<\/p>","protected":false},"featured_media":57817,"template":"","meta":[],"product_brand":[],"product_cat":[49,48],"product_tag":[325],"woo-feed-brand":[],"class_list":{"0":"post-57816","1":"product","2":"type-product","3":"status-publish","4":"has-post-thumbnail","6":"product_cat-seifen","7":"product_cat-bad-wellness","8":"product_tag-veg-and-the-city","10":"first","11":"instock","12":"taxable","13":"shipping-taxable","14":"purchasable","15":"product-type-simple"},"_links":{"self":[{"href":"https:\/\/www.fleurop-home.ch\/fr-ch\/wp-json\/wp\/v2\/product\/57816","targetHints":{"allow":["GET"]}}],"collection":[{"href":"https:\/\/www.fleurop-home.ch\/fr-ch\/wp-json\/wp\/v2\/product"}],"about":[{"href":"https:\/\/www.fleurop-home.ch\/fr-ch\/wp-json\/wp\/v2\/types\/product"}],"wp:featuredmedia":[{"embeddable":true,"href":"https:\/\/www.fleurop-home.ch\/fr-ch\/wp-json\/wp\/v2\/media\/57817"}],"wp:attachment":[{"href":"https:\/\/www.fleurop-home.ch\/fr-ch\/wp-json\/wp\/v2\/media?parent=57816"}],"wp:term":[{"taxonomy":"product_brand","embeddable":true,"href":"https:\/\/www.fleurop-home.ch\/fr-ch\/wp-json\/wp\/v2\/product_brand?post=57816"},{"taxonomy":"product_cat","embeddable":true,"href":"https:\/\/www.fleurop-home.ch\/fr-ch\/wp-json\/wp\/v2\/product_cat?post=57816"},{"taxonomy":"product_tag","embeddable":true,"href":"https:\/\/www.fleurop-home.ch\/fr-ch\/wp-json\/wp\/v2\/product_tag?post=57816"},{"taxonomy":"woo-feed-brand","embeddable":true,"href":"https:\/\/www.fleurop-home.ch\/fr-ch\/wp-json\/wp\/v2\/woo-feed-brand?post=57816"}],"curies":[{"name":"wp","href":"https:\/\/api.w.org\/{rel}","templated":true}]}}