{"id":57758,"date":"2025-06-16T15:14:11","date_gmt":"2025-06-16T13:14:11","guid":{"rendered":"https:\/\/www.fleurop-home.ch\/de-ch\/?post_type=product&#038;p=57758"},"modified":"2026-04-01T14:57:26","modified_gmt":"2026-04-01T12:57:26","slug":"bougie-parfumee-i-am-appreciated-9-5-x-7-cm","status":"publish","type":"product","link":"https:\/\/www.fleurop-home.ch\/fr-ch\/p\/duftkerze-i-am-appreciated-9-5-x-7-cm","title":{"rendered":"Bougie parfum\u00e9e \"I Am Appreciated\" - 9.5 x 7 cm"},"content":{"rendered":"<p><strong>Dimensions (DxH) : <\/strong>9.5 x 7 cm<\/p>\n<p><strong>Mat\u00e9riel :<\/strong> B\u00e9ton (r\u00e9cipient), cire de soja, m\u00e8che en bois naturel et non trait\u00e9<\/p>\n<p><strong>D\u00e9coration :<\/strong> Quartz fum\u00e9, fleurs s\u00e9ch\u00e9es<\/p>\n<p><strong>Parfum<\/strong> Cacao blanc, noix, gousses de vanille<\/p>\n<p><strong>Dur\u00e9e de combustion :<\/strong> \u00a0Environ 30 heures<\/p>\n<p><strong>Particularit\u00e9s :<\/strong><\/p>\n<ul>\n<li>Travail manuel suisse<\/li>\n<li>Les bougies sont sans parab\u00e8ne, sans colorant, sans suie et v\u00e9g\u00e9taliennes<\/li>\n<li>Les huiles parfum\u00e9es sont sans phtalates et non toxiques<\/li>\n<li>Le r\u00e9cipient est r\u00e9utilisable ou recyclable<\/li>\n<\/ul>\n<p><strong><br \/>\nRemarque<\/strong>\u00a0Pour \u00eatre s\u00fbr, nous te conseillons de retirer les mat\u00e9riaux de d\u00e9coration inflammables (par exemple les fleurs s\u00e9ch\u00e9es). Tu peux les retirer avec pr\u00e9caution \u00e0 l'aide d'une cuill\u00e8re. Tu peux nettoyer les pierres pr\u00e9cieuses \u00e0 la fin avec de l'eau chaude savonneuse. Raccourcir la m\u00e8che \u00e0 environ 5 mm avant de l'allumer.<\/p>\n<p id=\"IVPR4NM\"><strong>Contenu de la livraison :<\/strong> 1 bougie parfum\u00e9e \"I Am Appreciated\" dans un r\u00e9cipient en b\u00e9ton avec couvercle<\/p>","protected":false},"excerpt":{"rendered":"<p>Les bougies en cire de soja moul\u00e9es \u00e0 la main de <em data-start=\"137\" data-end=\"154\">Un c\u0153ur parfum\u00e9<\/em> remplissent ta maison d'un doux parfum et cr\u00e9ent une atmosph\u00e8re chaleureuse et relaxante dans laquelle tu peux te sentir parfaitement \u00e0 l'aise.<\/p>","protected":false},"featured_media":57760,"template":"","meta":[],"product_brand":[],"product_cat":[99,23,1023,797,28],"product_tag":[325],"woo-feed-brand":[],"class_list":{"0":"post-57758","1":"product","2":"type-product","3":"status-publish","4":"has-post-thumbnail","6":"product_cat-duftkerzen","7":"product_cat-home-living","8":"product_cat-fuer-mama","9":"product_cat-muttertag","10":"product_cat-kerzen-lichter","11":"product_tag-veg-and-the-city","13":"first","14":"instock","15":"taxable","16":"shipping-taxable","17":"purchasable","18":"product-type-simple"},"_links":{"self":[{"href":"https:\/\/www.fleurop-home.ch\/fr-ch\/wp-json\/wp\/v2\/product\/57758","targetHints":{"allow":["GET"]}}],"collection":[{"href":"https:\/\/www.fleurop-home.ch\/fr-ch\/wp-json\/wp\/v2\/product"}],"about":[{"href":"https:\/\/www.fleurop-home.ch\/fr-ch\/wp-json\/wp\/v2\/types\/product"}],"wp:featuredmedia":[{"embeddable":true,"href":"https:\/\/www.fleurop-home.ch\/fr-ch\/wp-json\/wp\/v2\/media\/57760"}],"wp:attachment":[{"href":"https:\/\/www.fleurop-home.ch\/fr-ch\/wp-json\/wp\/v2\/media?parent=57758"}],"wp:term":[{"taxonomy":"product_brand","embeddable":true,"href":"https:\/\/www.fleurop-home.ch\/fr-ch\/wp-json\/wp\/v2\/product_brand?post=57758"},{"taxonomy":"product_cat","embeddable":true,"href":"https:\/\/www.fleurop-home.ch\/fr-ch\/wp-json\/wp\/v2\/product_cat?post=57758"},{"taxonomy":"product_tag","embeddable":true,"href":"https:\/\/www.fleurop-home.ch\/fr-ch\/wp-json\/wp\/v2\/product_tag?post=57758"},{"taxonomy":"woo-feed-brand","embeddable":true,"href":"https:\/\/www.fleurop-home.ch\/fr-ch\/wp-json\/wp\/v2\/woo-feed-brand?post=57758"}],"curies":[{"name":"wp","href":"https:\/\/api.w.org\/{rel}","templated":true}]}}