{"id":57741,"date":"2025-06-16T14:38:12","date_gmt":"2025-06-16T12:38:12","guid":{"rendered":"https:\/\/www.fleurop-home.ch\/de-ch\/?post_type=product&#038;p=57741"},"modified":"2025-07-17T07:54:20","modified_gmt":"2025-07-17T05:54:20","slug":"bougie-parfumee-i-am-healing-9-5-x-7-cm","status":"publish","type":"product","link":"https:\/\/www.fleurop-home.ch\/fr-ch\/p\/duftkerze-i-am-healing-9-5-x-7-cm","title":{"rendered":"Bougie parfum\u00e9e \"I Am Healing\" - 9,5 x 7 cm"},"content":{"rendered":"<p><strong>Dimensions (DxH) :<\/strong> 9.5 x 7 cm<\/p>\n<p><strong>Mat\u00e9riel :<\/strong> B\u00e9ton (r\u00e9cipient), cire de soja, m\u00e8che en bois naturel et non trait\u00e9<\/p>\n<p><strong>D\u00e9coration :<\/strong> Agate de mousse, paillettes biod\u00e9gradables, produits v\u00e9g\u00e9taux s\u00e9ch\u00e9s (bio)<\/p>\n<p><strong>Parfum<\/strong> Noix de muscade, ambre, fleurs de tabac et gousses de vanille avec un soup\u00e7on de musc<\/p>\n<p><strong>Dur\u00e9e de combustion :\u00a0 <\/strong>Environ 30 heures<\/p>\n<p><strong><br \/>\nParticularit\u00e9s :<\/strong><\/p>\n<ul>\n<li>Travail manuel suisse<\/li>\n<li>Les bougies sont sans parab\u00e8ne, sans colorant, sans suie et v\u00e9g\u00e9taliennes<\/li>\n<li>Les huiles parfum\u00e9es sont sans phtalates et non toxiques<\/li>\n<li>Le r\u00e9cipient est r\u00e9utilisable ou recyclable<\/li>\n<\/ul>\n<p><strong><br \/>\nRemarque <\/strong><\/p>\n<ul>\n<li>Pour \u00eatre s\u00fbr, nous te conseillons de retirer les mat\u00e9riaux de d\u00e9coration inflammables (par exemple les fleurs s\u00e9ch\u00e9es). Tu peux les retirer avec pr\u00e9caution \u00e0 l'aide d'une cuill\u00e8re. A la fin, tu peux nettoyer les pierres pr\u00e9cieuses avec de l'eau chaude savonneuse.<\/li>\n<li>Raccourcir la m\u00e8che \u00e0 environ 5 mm avant l'allumage<\/li>\n<\/ul>\n<p><strong><br \/>\nContenu de la livraison :<\/strong> 1 bougie parfum\u00e9e \"I Am Healing\" dans un r\u00e9cipient en b\u00e9ton avec couvercle<\/p>","protected":false},"excerpt":{"rendered":"<p>Les bougies en cire de soja fabriqu\u00e9es avec amour par <em data-start=\"285\" data-end=\"302\">Un c\u0153ur parfum\u00e9<\/em> Non seulement elles d\u00e9gagent un parfum agr\u00e9able, mais elles cr\u00e9ent aussi une ambiance confortable et apaisante dans ta maison.<\/p>","protected":false},"featured_media":57748,"template":"","meta":[],"product_brand":[],"product_cat":[99,23,28],"product_tag":[325],"woo-feed-brand":[],"class_list":{"0":"post-57741","1":"product","2":"type-product","3":"status-publish","4":"has-post-thumbnail","6":"product_cat-duftkerzen","7":"product_cat-home-living","8":"product_cat-kerzen-lichter","9":"product_tag-veg-and-the-city","11":"first","12":"instock","13":"taxable","14":"shipping-taxable","15":"purchasable","16":"product-type-simple"},"_links":{"self":[{"href":"https:\/\/www.fleurop-home.ch\/fr-ch\/wp-json\/wp\/v2\/product\/57741","targetHints":{"allow":["GET"]}}],"collection":[{"href":"https:\/\/www.fleurop-home.ch\/fr-ch\/wp-json\/wp\/v2\/product"}],"about":[{"href":"https:\/\/www.fleurop-home.ch\/fr-ch\/wp-json\/wp\/v2\/types\/product"}],"wp:featuredmedia":[{"embeddable":true,"href":"https:\/\/www.fleurop-home.ch\/fr-ch\/wp-json\/wp\/v2\/media\/57748"}],"wp:attachment":[{"href":"https:\/\/www.fleurop-home.ch\/fr-ch\/wp-json\/wp\/v2\/media?parent=57741"}],"wp:term":[{"taxonomy":"product_brand","embeddable":true,"href":"https:\/\/www.fleurop-home.ch\/fr-ch\/wp-json\/wp\/v2\/product_brand?post=57741"},{"taxonomy":"product_cat","embeddable":true,"href":"https:\/\/www.fleurop-home.ch\/fr-ch\/wp-json\/wp\/v2\/product_cat?post=57741"},{"taxonomy":"product_tag","embeddable":true,"href":"https:\/\/www.fleurop-home.ch\/fr-ch\/wp-json\/wp\/v2\/product_tag?post=57741"},{"taxonomy":"woo-feed-brand","embeddable":true,"href":"https:\/\/www.fleurop-home.ch\/fr-ch\/wp-json\/wp\/v2\/woo-feed-brand?post=57741"}],"curies":[{"name":"wp","href":"https:\/\/api.w.org\/{rel}","templated":true}]}}