{"id":57722,"date":"2025-06-16T09:08:29","date_gmt":"2025-06-16T07:08:29","guid":{"rendered":"https:\/\/www.fleurop-home.ch\/de-ch\/?post_type=product&#038;p=57722"},"modified":"2025-10-16T13:55:31","modified_gmt":"2025-10-16T11:55:31","slug":"bougie-parfumee-aux-baies-doiseaux-et-aux-myrtilles-h-11-5-cm","status":"publish","type":"product","link":"https:\/\/www.fleurop-home.ch\/fr-ch\/p\/duftkerze-vogelbeere-und-heidelbeere-h-11-5-cm","title":{"rendered":"Bougie parfum\u00e9e Sorbier des oiseleurs et myrtille - H 11.5 cm"},"content":{"rendered":"<p><strong>Dimensions (DxH) :\u00a0\u00a0<\/strong>13 x 11.5 cm<\/p>\n<p><strong>Mat\u00e9riel :\u00a0\u00a0<\/strong>Cire de soja (bio), m\u00e8che en coton<\/p>\n<p><strong>D\u00e9coration :\u00a0\u00a0<\/strong>Sorbier des oiseleurs et myrtille s\u00e9ch\u00e9s<\/p>\n<p><strong>Parfum\u00a0\u00a0<\/strong>Sorbier des oiseleurs et myrtille<\/p>\n<p><strong>Dur\u00e9e de combustion :<\/strong>\u00a0Environ 100 heures<\/p>\n<p><strong>Particularit\u00e9s :<\/strong><\/p>\n<ul>\n<li>3 m\u00e8ches<\/li>\n<li>Avantages de la cire de soja : provoque moins d'\u00e9missions atmosph\u00e9riques, dur\u00e9e de combustion plus longue, biod\u00e9gradable<\/li>\n<li>Fabriqu\u00e9 \u00e0 la main en Lettonie<\/li>\n<li>Parfums naturels et huiles essentielles<\/li>\n<\/ul>","protected":false},"excerpt":{"rendered":"<p>Avec son parfum de feuilles de myrtille et de fr\u00eane, cette bougie apporte une chaleur automnale et une lumi\u00e8re agr\u00e9able dans ta maison.<\/p>","protected":false},"featured_media":57739,"template":"","meta":[],"product_brand":[],"product_cat":[99,23,909,28,916],"product_tag":[325],"woo-feed-brand":[],"class_list":{"0":"post-57722","1":"product","2":"type-product","3":"status-publish","4":"has-post-thumbnail","6":"product_cat-duftkerzen","7":"product_cat-home-living","8":"product_cat-weihnachten","9":"product_cat-kerzen-lichter","10":"product_cat-praesente","11":"product_tag-veg-and-the-city","13":"first","14":"instock","15":"taxable","16":"shipping-taxable","17":"purchasable","18":"product-type-simple"},"_links":{"self":[{"href":"https:\/\/www.fleurop-home.ch\/fr-ch\/wp-json\/wp\/v2\/product\/57722","targetHints":{"allow":["GET"]}}],"collection":[{"href":"https:\/\/www.fleurop-home.ch\/fr-ch\/wp-json\/wp\/v2\/product"}],"about":[{"href":"https:\/\/www.fleurop-home.ch\/fr-ch\/wp-json\/wp\/v2\/types\/product"}],"wp:featuredmedia":[{"embeddable":true,"href":"https:\/\/www.fleurop-home.ch\/fr-ch\/wp-json\/wp\/v2\/media\/57739"}],"wp:attachment":[{"href":"https:\/\/www.fleurop-home.ch\/fr-ch\/wp-json\/wp\/v2\/media?parent=57722"}],"wp:term":[{"taxonomy":"product_brand","embeddable":true,"href":"https:\/\/www.fleurop-home.ch\/fr-ch\/wp-json\/wp\/v2\/product_brand?post=57722"},{"taxonomy":"product_cat","embeddable":true,"href":"https:\/\/www.fleurop-home.ch\/fr-ch\/wp-json\/wp\/v2\/product_cat?post=57722"},{"taxonomy":"product_tag","embeddable":true,"href":"https:\/\/www.fleurop-home.ch\/fr-ch\/wp-json\/wp\/v2\/product_tag?post=57722"},{"taxonomy":"woo-feed-brand","embeddable":true,"href":"https:\/\/www.fleurop-home.ch\/fr-ch\/wp-json\/wp\/v2\/woo-feed-brand?post=57722"}],"curies":[{"name":"wp","href":"https:\/\/api.w.org\/{rel}","templated":true}]}}