{"id":57653,"date":"2025-06-08T14:04:56","date_gmt":"2025-06-08T12:04:56","guid":{"rendered":"https:\/\/www.fleurop-home.ch\/de-ch\/?post_type=product&#038;p=57653"},"modified":"2025-11-04T14:14:09","modified_gmt":"2025-11-04T13:14:09","slug":"bougie-dans-un-verre-a-double-paroi-496-gr-the-blanc","status":"publish","type":"product","link":"https:\/\/www.fleurop-home.ch\/fr-ch\/p\/candle-in-double-walles-glass-496-gr-white-tea","title":{"rendered":"Bougie dans un verre Double Walles 496 gr th\u00e9 blanc"},"content":{"rendered":"<p>Ces bougies parfum\u00e9es sont parfaites comme cadeau ou pour des pi\u00e8ces individuelles. Elles conf\u00e8rent \u00e0 chaque pi\u00e8ce un parfum \u00e9l\u00e9gant et charmant. Taille 9x9x10 cm, dur\u00e9e de combustion d'au moins 48 heures<\/p>","protected":false},"excerpt":{"rendered":"<p>Ces bougies parfum\u00e9es sont parfaites comme cadeau ou pour des pi\u00e8ces individuelles. Elles conf\u00e8rent \u00e0 chaque pi\u00e8ce un parfum \u00e9l\u00e9gant et charmant. Taille 9x9x10 cm, dur\u00e9e de combustion d'au moins 48 heures<\/p>","protected":false},"featured_media":57654,"template":"","meta":[],"product_brand":[],"product_cat":[99,23,1207,909,28,915],"product_tag":[1094],"woo-feed-brand":[],"class_list":{"0":"post-57653","1":"product","2":"type-product","3":"status-publish","4":"has-post-thumbnail","6":"product_cat-duftkerzen","7":"product_cat-home-living","8":"product_cat-unter-25-chf","9":"product_cat-weihnachten","10":"product_cat-kerzen-lichter","11":"product_cat-wichteln","12":"product_tag-corinas","14":"first","15":"instock","16":"taxable","17":"shipping-taxable","18":"purchasable","19":"product-type-simple"},"_links":{"self":[{"href":"https:\/\/www.fleurop-home.ch\/fr-ch\/wp-json\/wp\/v2\/product\/57653","targetHints":{"allow":["GET"]}}],"collection":[{"href":"https:\/\/www.fleurop-home.ch\/fr-ch\/wp-json\/wp\/v2\/product"}],"about":[{"href":"https:\/\/www.fleurop-home.ch\/fr-ch\/wp-json\/wp\/v2\/types\/product"}],"wp:featuredmedia":[{"embeddable":true,"href":"https:\/\/www.fleurop-home.ch\/fr-ch\/wp-json\/wp\/v2\/media\/57654"}],"wp:attachment":[{"href":"https:\/\/www.fleurop-home.ch\/fr-ch\/wp-json\/wp\/v2\/media?parent=57653"}],"wp:term":[{"taxonomy":"product_brand","embeddable":true,"href":"https:\/\/www.fleurop-home.ch\/fr-ch\/wp-json\/wp\/v2\/product_brand?post=57653"},{"taxonomy":"product_cat","embeddable":true,"href":"https:\/\/www.fleurop-home.ch\/fr-ch\/wp-json\/wp\/v2\/product_cat?post=57653"},{"taxonomy":"product_tag","embeddable":true,"href":"https:\/\/www.fleurop-home.ch\/fr-ch\/wp-json\/wp\/v2\/product_tag?post=57653"},{"taxonomy":"woo-feed-brand","embeddable":true,"href":"https:\/\/www.fleurop-home.ch\/fr-ch\/wp-json\/wp\/v2\/woo-feed-brand?post=57653"}],"curies":[{"name":"wp","href":"https:\/\/api.w.org\/{rel}","templated":true}]}}