{"id":57551,"date":"2025-06-05T16:40:44","date_gmt":"2025-06-05T14:40:44","guid":{"rendered":"https:\/\/www.fleurop-home.ch\/de-ch\/?post_type=product&#038;p=57551"},"modified":"2025-07-03T16:01:46","modified_gmt":"2025-07-03T14:01:46","slug":"bougie-parfumee-fleurs-sauvages-h-10-c","status":"publish","type":"product","link":"https:\/\/www.fleurop-home.ch\/fr-ch\/p\/duftkerze-wildblumen-h-10-c","title":{"rendered":"Bougie parfum\u00e9e Fleurs sauvages - H 10 c"},"content":{"rendered":"<p><strong>Dimensions (DxH) : <\/strong>8 x 10 cm<\/p>\n<p><strong>Mat\u00e9riel : <\/strong>Cire de soja (bio), m\u00e8che en coton<\/p>\n<p><strong>D\u00e9coration : <\/strong>Fleurs sauvages s\u00e9ch\u00e9es<\/p>\n<p><strong>Parfum<\/strong>\u00a0Fleurs sauvages<\/p>\n<p><strong>Dur\u00e9e de combustion :<\/strong>\u00a0Environ 50 heures<\/p>\n<p><strong>Particularit\u00e9s :<\/strong><\/p>\n<ul>\n<li>Avantages de la cire de soja : provoque moins d'\u00e9missions atmosph\u00e9riques, dur\u00e9e de combustion plus longue, biod\u00e9gradable<\/li>\n<li>Fabriqu\u00e9 \u00e0 la main en Lettonie<\/li>\n<li>Parfums naturels et huiles essentielles<\/li>\n<\/ul>","protected":false},"excerpt":{"rendered":"<p data-start=\"169\" data-end=\"476\">Une chaude soir\u00e9e d'\u00e9t\u00e9. Les champs de fleurs bruissent doucement dans le vent, et un doux parfum de fleurs sauvages fra\u00eeches flotte dans l'air. Cette bougie ram\u00e8ne exactement cette sensation directement dans ta maison. Avec ses petites fleurs sauvages color\u00e9es, elle n'est pas seulement une exp\u00e9rience olfactive, mais aussi un v\u00e9ritable accroche-regard.<\/p>","protected":false},"featured_media":57744,"template":"","meta":[],"product_brand":[],"product_cat":[99,23,28],"product_tag":[325],"woo-feed-brand":[],"class_list":{"0":"post-57551","1":"product","2":"type-product","3":"status-publish","4":"has-post-thumbnail","6":"product_cat-duftkerzen","7":"product_cat-home-living","8":"product_cat-kerzen-lichter","9":"product_tag-veg-and-the-city","11":"first","12":"instock","13":"taxable","14":"shipping-taxable","15":"purchasable","16":"product-type-simple"},"_links":{"self":[{"href":"https:\/\/www.fleurop-home.ch\/fr-ch\/wp-json\/wp\/v2\/product\/57551","targetHints":{"allow":["GET"]}}],"collection":[{"href":"https:\/\/www.fleurop-home.ch\/fr-ch\/wp-json\/wp\/v2\/product"}],"about":[{"href":"https:\/\/www.fleurop-home.ch\/fr-ch\/wp-json\/wp\/v2\/types\/product"}],"wp:featuredmedia":[{"embeddable":true,"href":"https:\/\/www.fleurop-home.ch\/fr-ch\/wp-json\/wp\/v2\/media\/57744"}],"wp:attachment":[{"href":"https:\/\/www.fleurop-home.ch\/fr-ch\/wp-json\/wp\/v2\/media?parent=57551"}],"wp:term":[{"taxonomy":"product_brand","embeddable":true,"href":"https:\/\/www.fleurop-home.ch\/fr-ch\/wp-json\/wp\/v2\/product_brand?post=57551"},{"taxonomy":"product_cat","embeddable":true,"href":"https:\/\/www.fleurop-home.ch\/fr-ch\/wp-json\/wp\/v2\/product_cat?post=57551"},{"taxonomy":"product_tag","embeddable":true,"href":"https:\/\/www.fleurop-home.ch\/fr-ch\/wp-json\/wp\/v2\/product_tag?post=57551"},{"taxonomy":"woo-feed-brand","embeddable":true,"href":"https:\/\/www.fleurop-home.ch\/fr-ch\/wp-json\/wp\/v2\/woo-feed-brand?post=57551"}],"curies":[{"name":"wp","href":"https:\/\/api.w.org\/{rel}","templated":true}]}}