{"id":57066,"date":"2025-09-25T08:31:07","date_gmt":"2025-09-25T06:31:07","guid":{"rendered":"https:\/\/www.fleurop-home.ch\/de-ch\/?post_type=product&#038;p=57066"},"modified":"2026-04-01T13:55:52","modified_gmt":"2026-04-01T11:55:52","slug":"tartufo-dolce-caramello-200g","status":"publish","type":"product","link":"https:\/\/www.fleurop-home.ch\/fr-ch\/p\/tartufo-dolce-caramello-200g","title":{"rendered":"Tartufo Dolce Caramello (200g)"},"content":{"rendered":"<p>Tartufo blanc au caramel sal\u00e9 . Tartufi fait main \u00e0 base de chocolat blanc, de cr\u00e8me de noisettes blanches et de noisettes enti\u00e8res - agr\u00e9ment\u00e9 de caramel, de beurre sal\u00e9 et d'une pinc\u00e9e de sucre en poudre.<\/p>\n<p>Ingr\u00e9dients : Chocolat blanc au caramel, 55% beurre de cacao, sucre, lait entier en poudre, lactose, lactos\u00e9rum en poudre, lait \u00e9cr\u00e9m\u00e9 en poudre, sucre caram\u00e9lis\u00e9 (2%) \u00e9mulsifiant : l\u00e9cithine de soja, ar\u00f4me naturel de vanille, sel. (Cacao : 30% minimum) Noisettes, p\u00e2te de noisettes, p\u00e2te de beurre sal\u00e910% (sucre, sirop de glucose, eau, sel, ar\u00f4mes, colorants : E160a, E150a) Sucre en poudre. Peut contenir des traces de pistaches, d'amandes, d'\u0153ufs, de gluten.<\/p>\n<ul>\n<li><strong>VALEURS NUTRITIONNELLES MOYENNES PAR 100 g<\/strong><\/li>\n<li>\u00c9nergie 2338 kj \/ 561 kcal<\/li>\n<li>Graisses 38,2 g dont satur\u00e9es 13,9 g<\/li>\n<li>Glucides 43,5 g dont sucre 42,4 g<\/li>\n<li>Fibres 4.9 g<\/li>\n<li>Prot\u00e9ines 8,6 g<\/li>\n<li>Sel 0.70g<\/li>\n<\/ul>","protected":false},"excerpt":{"rendered":"<p>Tartufotto sucr\u00e9 caramel au sel<\/p>\n<h1 class=\"product-title product_title entry-title\"><\/h1>","protected":false},"featured_media":57063,"template":"","meta":[],"product_brand":[],"product_cat":[114,1023,1090,1001,797,999,1088,42,885,52,54],"product_tag":[1027],"woo-feed-brand":[],"class_list":{"0":"post-57066","1":"product","2":"type-product","3":"status-publish","4":"has-post-thumbnail","6":"product_cat-schokolade-sweets","7":"product_cat-fuer-mama","8":"product_cat-geniesser","9":"product_cat-leckereien","10":"product_cat-muttertag","11":"product_cat-valentinstag","12":"product_cat-vatertag","13":"product_cat-kueche","14":"product_cat-koestlichkeiten","15":"product_cat-geschenke","16":"product_cat-feinkost","17":"product_tag-fattoreffe","19":"first","20":"instock","21":"taxable","22":"shipping-taxable","23":"purchasable","24":"product-type-simple"},"_links":{"self":[{"href":"https:\/\/www.fleurop-home.ch\/fr-ch\/wp-json\/wp\/v2\/product\/57066","targetHints":{"allow":["GET"]}}],"collection":[{"href":"https:\/\/www.fleurop-home.ch\/fr-ch\/wp-json\/wp\/v2\/product"}],"about":[{"href":"https:\/\/www.fleurop-home.ch\/fr-ch\/wp-json\/wp\/v2\/types\/product"}],"wp:featuredmedia":[{"embeddable":true,"href":"https:\/\/www.fleurop-home.ch\/fr-ch\/wp-json\/wp\/v2\/media\/57063"}],"wp:attachment":[{"href":"https:\/\/www.fleurop-home.ch\/fr-ch\/wp-json\/wp\/v2\/media?parent=57066"}],"wp:term":[{"taxonomy":"product_brand","embeddable":true,"href":"https:\/\/www.fleurop-home.ch\/fr-ch\/wp-json\/wp\/v2\/product_brand?post=57066"},{"taxonomy":"product_cat","embeddable":true,"href":"https:\/\/www.fleurop-home.ch\/fr-ch\/wp-json\/wp\/v2\/product_cat?post=57066"},{"taxonomy":"product_tag","embeddable":true,"href":"https:\/\/www.fleurop-home.ch\/fr-ch\/wp-json\/wp\/v2\/product_tag?post=57066"},{"taxonomy":"woo-feed-brand","embeddable":true,"href":"https:\/\/www.fleurop-home.ch\/fr-ch\/wp-json\/wp\/v2\/woo-feed-brand?post=57066"}],"curies":[{"name":"wp","href":"https:\/\/api.w.org\/{rel}","templated":true}]}}