{"id":56188,"date":"2025-05-23T11:52:39","date_gmt":"2025-05-23T09:52:39","guid":{"rendered":"https:\/\/www.fleurop-home.ch\/de-ch\/?post_type=product&#038;p=56188"},"modified":"2026-02-26T17:21:01","modified_gmt":"2026-02-26T16:21:01","slug":"reed-diffuseur-avec-verre-et-batonnets-xl-500-ml-cone-belle-vie","status":"publish","type":"product","link":"https:\/\/www.fleurop-home.ch\/fr-ch\/p\/reed-diffuser-inkl-glas-und-staebchen-xl-500-ml-cone-belle-vie","title":{"rendered":"Diffuseur d'huiles essentielles avec verre et b\u00e2tonnets XL 500 ml Cone Belle Vie"},"content":{"rendered":"<p>Apporte un charme olfactif fran\u00e7ais dans ta maison - avec le diffuseur XL Reed de Scentchips. Le parfum d'ambiance \u00e9l\u00e9gant contient 500 ml de parfum d'ambiance raffin\u00e9 et est livr\u00e9 avec 5 b\u00e2tons de parfum noirs - pour une exp\u00e9rience olfactive durable et harmonieuse.<\/p>\n<p>Inclus dans le set :<br \/>\n- 1x flacon en verre Cone<br \/>\n- 1x parfum d'ambiance 500 ml<br \/>\n- 5x b\u00e2tons de parfum noir<\/p>\n<p>Id\u00e9e de cadeau :<br \/>\nOffre de la bonne humeur sous forme de parfum - est id\u00e9al pour les anniversaires, les d\u00e9m\u00e9nagements, les inaugurations ou simplement pour donner le sourire \u00e0 quelqu'un.<\/p>\n<p>Application :<br \/>\nUtiliser les b\u00e2tonnets selon l'intensit\u00e9 souhait\u00e9e et les retourner r\u00e9guli\u00e8rement. Le flacon s'adapte parfaitement sur les commodes, les \u00e9tag\u00e8res ou comme d\u00e9coration de table.<\/p>","protected":false},"excerpt":{"rendered":"<p>Ce set de b\u00e2tonnets parfum\u00e9s Ready Set allie design, \u00e9l\u00e9gance et plaisir. C'est le cadeau parfait pour les h\u00f4tes raffin\u00e9s ou les bons clients.<\/p>","protected":false},"featured_media":56163,"template":"","meta":[],"product_brand":[],"product_cat":[51,48],"product_tag":[1094],"woo-feed-brand":[],"class_list":{"0":"post-56188","1":"product","2":"type-product","3":"status-publish","4":"has-post-thumbnail","6":"product_cat-raumduefte","7":"product_cat-bad-wellness","8":"product_tag-corinas","10":"first","11":"instock","12":"taxable","13":"shipping-taxable","14":"purchasable","15":"product-type-simple"},"_links":{"self":[{"href":"https:\/\/www.fleurop-home.ch\/fr-ch\/wp-json\/wp\/v2\/product\/56188","targetHints":{"allow":["GET"]}}],"collection":[{"href":"https:\/\/www.fleurop-home.ch\/fr-ch\/wp-json\/wp\/v2\/product"}],"about":[{"href":"https:\/\/www.fleurop-home.ch\/fr-ch\/wp-json\/wp\/v2\/types\/product"}],"wp:featuredmedia":[{"embeddable":true,"href":"https:\/\/www.fleurop-home.ch\/fr-ch\/wp-json\/wp\/v2\/media\/56163"}],"wp:attachment":[{"href":"https:\/\/www.fleurop-home.ch\/fr-ch\/wp-json\/wp\/v2\/media?parent=56188"}],"wp:term":[{"taxonomy":"product_brand","embeddable":true,"href":"https:\/\/www.fleurop-home.ch\/fr-ch\/wp-json\/wp\/v2\/product_brand?post=56188"},{"taxonomy":"product_cat","embeddable":true,"href":"https:\/\/www.fleurop-home.ch\/fr-ch\/wp-json\/wp\/v2\/product_cat?post=56188"},{"taxonomy":"product_tag","embeddable":true,"href":"https:\/\/www.fleurop-home.ch\/fr-ch\/wp-json\/wp\/v2\/product_tag?post=56188"},{"taxonomy":"woo-feed-brand","embeddable":true,"href":"https:\/\/www.fleurop-home.ch\/fr-ch\/wp-json\/wp\/v2\/woo-feed-brand?post=56188"}],"curies":[{"name":"wp","href":"https:\/\/api.w.org\/{rel}","templated":true}]}}