{"id":56185,"date":"2025-05-23T11:52:43","date_gmt":"2025-05-23T09:52:43","guid":{"rendered":"https:\/\/www.fleurop-home.ch\/de-ch\/?post_type=product&#038;p=56185"},"modified":"2026-03-05T09:04:15","modified_gmt":"2026-03-05T08:04:15","slug":"reed-diffuseur-y-compris-le-verre-et-les-batonnets-xxl-1000ml-square-secret-de-paris","status":"publish","type":"product","link":"https:\/\/www.fleurop-home.ch\/fr-ch\/p\/reed-diffuser-inkl-glas-und-staebchen-xxl-1000ml-square-secret-de-paris","title":{"rendered":"Diffuseur Reed avec verre et b\u00e2tonnets XXL 1000ml Square Secret de Paris"},"content":{"rendered":"<p>Ce set pr\u00eat \u00e0 l'emploi d'encens allie design, \u00e9l\u00e9gance et plaisir. C'est le cadeau parfait pour les h\u00f4tes raffin\u00e9s ou les bons clients.<\/p>","protected":false},"excerpt":{"rendered":"<p>Le cadeau parfait<\/p>","protected":false},"featured_media":56168,"template":"","meta":[],"product_brand":[],"product_cat":[51,48,1247],"product_tag":[1094],"woo-feed-brand":[],"class_list":{"0":"post-56185","1":"product","2":"type-product","3":"status-publish","4":"has-post-thumbnail","6":"product_cat-raumduefte","7":"product_cat-bad-wellness","8":"product_cat-sale","9":"product_tag-corinas","11":"first","12":"instock","13":"sale","14":"taxable","15":"shipping-taxable","16":"purchasable","17":"product-type-simple"},"_links":{"self":[{"href":"https:\/\/www.fleurop-home.ch\/fr-ch\/wp-json\/wp\/v2\/product\/56185","targetHints":{"allow":["GET"]}}],"collection":[{"href":"https:\/\/www.fleurop-home.ch\/fr-ch\/wp-json\/wp\/v2\/product"}],"about":[{"href":"https:\/\/www.fleurop-home.ch\/fr-ch\/wp-json\/wp\/v2\/types\/product"}],"wp:featuredmedia":[{"embeddable":true,"href":"https:\/\/www.fleurop-home.ch\/fr-ch\/wp-json\/wp\/v2\/media\/56168"}],"wp:attachment":[{"href":"https:\/\/www.fleurop-home.ch\/fr-ch\/wp-json\/wp\/v2\/media?parent=56185"}],"wp:term":[{"taxonomy":"product_brand","embeddable":true,"href":"https:\/\/www.fleurop-home.ch\/fr-ch\/wp-json\/wp\/v2\/product_brand?post=56185"},{"taxonomy":"product_cat","embeddable":true,"href":"https:\/\/www.fleurop-home.ch\/fr-ch\/wp-json\/wp\/v2\/product_cat?post=56185"},{"taxonomy":"product_tag","embeddable":true,"href":"https:\/\/www.fleurop-home.ch\/fr-ch\/wp-json\/wp\/v2\/product_tag?post=56185"},{"taxonomy":"woo-feed-brand","embeddable":true,"href":"https:\/\/www.fleurop-home.ch\/fr-ch\/wp-json\/wp\/v2\/woo-feed-brand?post=56185"}],"curies":[{"name":"wp","href":"https:\/\/api.w.org\/{rel}","templated":true}]}}