{"id":56005,"date":"2025-05-16T15:45:57","date_gmt":"2025-05-16T13:45:57","guid":{"rendered":"https:\/\/www.fleurop-home.ch\/de-ch\/p\/keramikschale-gelb-15x5-5cm"},"modified":"2026-04-01T15:35:50","modified_gmt":"2026-04-01T13:35:50","slug":"bol-en-ceramique-jaune","status":"publish","type":"product","link":"https:\/\/www.fleurop-home.ch\/fr-ch\/p\/keramikschale-gelb","title":{"rendered":"Bol en c\u00e9ramique, jaune"},"content":{"rendered":"<p>Bol en c\u00e9ramique jaune avec motif de gla\u00e7age blanc<br \/>\n\u00d8 15 cm x H 5.5 cm<br \/>\n300 ml<\/p>","protected":false},"excerpt":{"rendered":"<p>\u00d8 15 cm x H 5.5 cm<\/p>","protected":false},"featured_media":56004,"template":"","meta":[],"product_brand":[],"product_cat":[1102,1022,797,1019,1018,42,1101,43],"product_tag":[324],"woo-feed-brand":[],"class_list":{"0":"post-56005","1":"product","2":"type-product","3":"status-publish","4":"has-post-thumbnail","6":"product_cat-essen","7":"product_cat-brunch","8":"product_cat-muttertag","9":"product_cat-osterbrunch","10":"product_cat-ostern","11":"product_cat-kueche","12":"product_cat-geschirr","13":"product_cat-gedeckter-tisch","14":"product_tag-marein-ag","16":"first","17":"instock","18":"taxable","19":"shipping-taxable","20":"purchasable","21":"product-type-simple"},"_links":{"self":[{"href":"https:\/\/www.fleurop-home.ch\/fr-ch\/wp-json\/wp\/v2\/product\/56005","targetHints":{"allow":["GET"]}}],"collection":[{"href":"https:\/\/www.fleurop-home.ch\/fr-ch\/wp-json\/wp\/v2\/product"}],"about":[{"href":"https:\/\/www.fleurop-home.ch\/fr-ch\/wp-json\/wp\/v2\/types\/product"}],"wp:featuredmedia":[{"embeddable":true,"href":"https:\/\/www.fleurop-home.ch\/fr-ch\/wp-json\/wp\/v2\/media\/56004"}],"wp:attachment":[{"href":"https:\/\/www.fleurop-home.ch\/fr-ch\/wp-json\/wp\/v2\/media?parent=56005"}],"wp:term":[{"taxonomy":"product_brand","embeddable":true,"href":"https:\/\/www.fleurop-home.ch\/fr-ch\/wp-json\/wp\/v2\/product_brand?post=56005"},{"taxonomy":"product_cat","embeddable":true,"href":"https:\/\/www.fleurop-home.ch\/fr-ch\/wp-json\/wp\/v2\/product_cat?post=56005"},{"taxonomy":"product_tag","embeddable":true,"href":"https:\/\/www.fleurop-home.ch\/fr-ch\/wp-json\/wp\/v2\/product_tag?post=56005"},{"taxonomy":"woo-feed-brand","embeddable":true,"href":"https:\/\/www.fleurop-home.ch\/fr-ch\/wp-json\/wp\/v2\/woo-feed-brand?post=56005"}],"curies":[{"name":"wp","href":"https:\/\/api.w.org\/{rel}","templated":true}]}}