{"id":55993,"date":"2025-05-16T15:44:43","date_gmt":"2025-05-16T13:44:43","guid":{"rendered":"https:\/\/www.fleurop-home.ch\/de-ch\/p\/espresso-tasse-costal-d13x11cm"},"modified":"2026-03-18T13:42:02","modified_gmt":"2026-03-18T12:42:02","slug":"tasse-espresso-costal","status":"publish","type":"product","link":"https:\/\/www.fleurop-home.ch\/fr-ch\/p\/espresso-tasse-costal","title":{"rendered":"Tasse \u00e0 espresso, Costal"},"content":{"rendered":"<p>Tasse \u00e0 espresso bleu-gris \u00e9maill\u00e9e \u00e0 la main \"Costal<br \/>\n100 ml<br \/>\nH 6 x \u00d8 6 cm<\/p>","protected":false},"excerpt":{"rendered":"<p>H 6 x \u00d8 6 cm<\/p>","protected":false},"featured_media":55992,"template":"","meta":[],"product_brand":[],"product_cat":[1103,1019,1018,42,1101,43],"product_tag":[324],"woo-feed-brand":[],"class_list":{"0":"post-55993","1":"product","2":"type-product","3":"status-publish","4":"has-post-thumbnail","6":"product_cat-trinken","7":"product_cat-osterbrunch","8":"product_cat-ostern","9":"product_cat-kueche","10":"product_cat-geschirr","11":"product_cat-gedeckter-tisch","12":"product_tag-marein-ag","14":"first","15":"instock","16":"taxable","17":"shipping-taxable","18":"purchasable","19":"product-type-simple"},"_links":{"self":[{"href":"https:\/\/www.fleurop-home.ch\/fr-ch\/wp-json\/wp\/v2\/product\/55993","targetHints":{"allow":["GET"]}}],"collection":[{"href":"https:\/\/www.fleurop-home.ch\/fr-ch\/wp-json\/wp\/v2\/product"}],"about":[{"href":"https:\/\/www.fleurop-home.ch\/fr-ch\/wp-json\/wp\/v2\/types\/product"}],"wp:featuredmedia":[{"embeddable":true,"href":"https:\/\/www.fleurop-home.ch\/fr-ch\/wp-json\/wp\/v2\/media\/55992"}],"wp:attachment":[{"href":"https:\/\/www.fleurop-home.ch\/fr-ch\/wp-json\/wp\/v2\/media?parent=55993"}],"wp:term":[{"taxonomy":"product_brand","embeddable":true,"href":"https:\/\/www.fleurop-home.ch\/fr-ch\/wp-json\/wp\/v2\/product_brand?post=55993"},{"taxonomy":"product_cat","embeddable":true,"href":"https:\/\/www.fleurop-home.ch\/fr-ch\/wp-json\/wp\/v2\/product_cat?post=55993"},{"taxonomy":"product_tag","embeddable":true,"href":"https:\/\/www.fleurop-home.ch\/fr-ch\/wp-json\/wp\/v2\/product_tag?post=55993"},{"taxonomy":"woo-feed-brand","embeddable":true,"href":"https:\/\/www.fleurop-home.ch\/fr-ch\/wp-json\/wp\/v2\/woo-feed-brand?post=55993"}],"curies":[{"name":"wp","href":"https:\/\/api.w.org\/{rel}","templated":true}]}}