{"id":55988,"date":"2025-05-16T15:44:15","date_gmt":"2025-05-16T13:44:15","guid":{"rendered":"https:\/\/www.fleurop-home.ch\/de-ch\/p\/teekanne-aria-17-5cm"},"modified":"2026-04-01T15:35:50","modified_gmt":"2026-04-01T13:35:50","slug":"theiere-aria","status":"publish","type":"product","link":"https:\/\/www.fleurop-home.ch\/fr-ch\/p\/teekanne-aria","title":{"rendered":"Th\u00e9i\u00e8re Aria"},"content":{"rendered":"<p>Th\u00e9i\u00e8re cr\u00e8me \u00e9maill\u00e9e \u00e0 la main avec couvercle \"Aria<br \/>\n1.4 L<br \/>\n17.5cm<\/p>","protected":false},"excerpt":{"rendered":"<p>1.4 L<\/p>","protected":false},"featured_media":55987,"template":"","meta":[],"product_brand":[],"product_cat":[1103,1022,797,909,1179,911,42,1101,956,43,885],"product_tag":[324],"woo-feed-brand":[],"class_list":{"0":"post-55988","1":"product","2":"type-product","3":"status-publish","4":"has-post-thumbnail","6":"product_cat-trinken","7":"product_cat-brunch","8":"product_cat-muttertag","9":"product_cat-weihnachten","10":"product_cat-weihnachtsdeko","11":"product_cat-accessoires","12":"product_cat-kueche","13":"product_cat-geschirr","14":"product_cat-tee","15":"product_cat-gedeckter-tisch","16":"product_cat-koestlichkeiten","17":"product_tag-marein-ag","19":"first","20":"instock","21":"taxable","22":"shipping-taxable","23":"purchasable","24":"product-type-simple"},"_links":{"self":[{"href":"https:\/\/www.fleurop-home.ch\/fr-ch\/wp-json\/wp\/v2\/product\/55988","targetHints":{"allow":["GET"]}}],"collection":[{"href":"https:\/\/www.fleurop-home.ch\/fr-ch\/wp-json\/wp\/v2\/product"}],"about":[{"href":"https:\/\/www.fleurop-home.ch\/fr-ch\/wp-json\/wp\/v2\/types\/product"}],"wp:featuredmedia":[{"embeddable":true,"href":"https:\/\/www.fleurop-home.ch\/fr-ch\/wp-json\/wp\/v2\/media\/55987"}],"wp:attachment":[{"href":"https:\/\/www.fleurop-home.ch\/fr-ch\/wp-json\/wp\/v2\/media?parent=55988"}],"wp:term":[{"taxonomy":"product_brand","embeddable":true,"href":"https:\/\/www.fleurop-home.ch\/fr-ch\/wp-json\/wp\/v2\/product_brand?post=55988"},{"taxonomy":"product_cat","embeddable":true,"href":"https:\/\/www.fleurop-home.ch\/fr-ch\/wp-json\/wp\/v2\/product_cat?post=55988"},{"taxonomy":"product_tag","embeddable":true,"href":"https:\/\/www.fleurop-home.ch\/fr-ch\/wp-json\/wp\/v2\/product_tag?post=55988"},{"taxonomy":"woo-feed-brand","embeddable":true,"href":"https:\/\/www.fleurop-home.ch\/fr-ch\/wp-json\/wp\/v2\/woo-feed-brand?post=55988"}],"curies":[{"name":"wp","href":"https:\/\/api.w.org\/{rel}","templated":true}]}}