{"id":55981,"date":"2025-05-16T15:43:37","date_gmt":"2025-05-16T13:43:37","guid":{"rendered":"https:\/\/www.fleurop-home.ch\/de-ch\/p\/keramikkrug-jordan-14-5x20-2cm"},"modified":"2026-03-18T13:42:03","modified_gmt":"2026-03-18T12:42:03","slug":"jarre-en-ceramique-jordan","status":"publish","type":"product","link":"https:\/\/www.fleurop-home.ch\/fr-ch\/p\/keramikkrug-jordan","title":{"rendered":"Pichet en c\u00e9ramique Jordan"},"content":{"rendered":"<p>Pichet en c\u00e9ramique Japandi beige avec poign\u00e9e orange, H 20 cm, 1'300ml<br \/>\n14.5\u00d720.2cm<\/p>","protected":false},"excerpt":{"rendered":"<p>1'300ml<\/p>","protected":false},"featured_media":55980,"template":"","meta":[],"product_brand":[],"product_cat":[1103,1019,1018,984,994,42,1101,43],"product_tag":[324],"woo-feed-brand":[],"class_list":{"0":"post-55981","1":"product","2":"type-product","3":"status-publish","4":"has-post-thumbnail","6":"product_cat-trinken","7":"product_cat-osterbrunch","8":"product_cat-ostern","9":"product_cat-silvester","10":"product_cat-silvestertisch","11":"product_cat-kueche","12":"product_cat-geschirr","13":"product_cat-gedeckter-tisch","14":"product_tag-marein-ag","16":"first","17":"instock","18":"taxable","19":"shipping-taxable","20":"purchasable","21":"product-type-simple"},"_links":{"self":[{"href":"https:\/\/www.fleurop-home.ch\/fr-ch\/wp-json\/wp\/v2\/product\/55981","targetHints":{"allow":["GET"]}}],"collection":[{"href":"https:\/\/www.fleurop-home.ch\/fr-ch\/wp-json\/wp\/v2\/product"}],"about":[{"href":"https:\/\/www.fleurop-home.ch\/fr-ch\/wp-json\/wp\/v2\/types\/product"}],"wp:featuredmedia":[{"embeddable":true,"href":"https:\/\/www.fleurop-home.ch\/fr-ch\/wp-json\/wp\/v2\/media\/55980"}],"wp:attachment":[{"href":"https:\/\/www.fleurop-home.ch\/fr-ch\/wp-json\/wp\/v2\/media?parent=55981"}],"wp:term":[{"taxonomy":"product_brand","embeddable":true,"href":"https:\/\/www.fleurop-home.ch\/fr-ch\/wp-json\/wp\/v2\/product_brand?post=55981"},{"taxonomy":"product_cat","embeddable":true,"href":"https:\/\/www.fleurop-home.ch\/fr-ch\/wp-json\/wp\/v2\/product_cat?post=55981"},{"taxonomy":"product_tag","embeddable":true,"href":"https:\/\/www.fleurop-home.ch\/fr-ch\/wp-json\/wp\/v2\/product_tag?post=55981"},{"taxonomy":"woo-feed-brand","embeddable":true,"href":"https:\/\/www.fleurop-home.ch\/fr-ch\/wp-json\/wp\/v2\/woo-feed-brand?post=55981"}],"curies":[{"name":"wp","href":"https:\/\/api.w.org\/{rel}","templated":true}]}}