{"id":55959,"date":"2025-05-16T15:41:43","date_gmt":"2025-05-16T13:41:43","guid":{"rendered":"https:\/\/www.fleurop-home.ch\/de-ch\/p\/tischset-rund-aus-geflochtenen-naturfasern-dunkel"},"modified":"2026-04-01T15:35:52","modified_gmt":"2026-04-01T13:35:52","slug":"set-de-table-en-fibres-naturelles-tressees-fonce","status":"publish","type":"product","link":"https:\/\/www.fleurop-home.ch\/fr-ch\/p\/tischset-aus-geflochtenen-naturfasern-dunkel","title":{"rendered":"Set de table en fibres naturelles tress\u00e9es, fonc\u00e9"},"content":{"rendered":"<p>Set de table rond en fibres naturelles tress\u00e9es, \u00d8 38<\/p>","protected":false},"excerpt":{"rendered":"<p>\u00d8 38<\/p>","protected":false},"featured_media":57808,"template":"","meta":[],"product_brand":[],"product_cat":[1099,1022,797,1019,1018,984,994,909,1179,911,42,1098],"product_tag":[324],"woo-feed-brand":[],"class_list":{"0":"post-55959","1":"product","2":"type-product","3":"status-publish","4":"has-post-thumbnail","6":"product_cat-tischtextilien","7":"product_cat-brunch","8":"product_cat-muttertag","9":"product_cat-osterbrunch","10":"product_cat-ostern","11":"product_cat-silvester","12":"product_cat-silvestertisch","13":"product_cat-weihnachten","14":"product_cat-weihnachtsdeko","15":"product_cat-accessoires","16":"product_cat-kueche","17":"product_cat-textilien","18":"product_tag-marein-ag","20":"first","21":"instock","22":"taxable","23":"shipping-taxable","24":"purchasable","25":"product-type-simple"},"_links":{"self":[{"href":"https:\/\/www.fleurop-home.ch\/fr-ch\/wp-json\/wp\/v2\/product\/55959","targetHints":{"allow":["GET"]}}],"collection":[{"href":"https:\/\/www.fleurop-home.ch\/fr-ch\/wp-json\/wp\/v2\/product"}],"about":[{"href":"https:\/\/www.fleurop-home.ch\/fr-ch\/wp-json\/wp\/v2\/types\/product"}],"wp:featuredmedia":[{"embeddable":true,"href":"https:\/\/www.fleurop-home.ch\/fr-ch\/wp-json\/wp\/v2\/media\/57808"}],"wp:attachment":[{"href":"https:\/\/www.fleurop-home.ch\/fr-ch\/wp-json\/wp\/v2\/media?parent=55959"}],"wp:term":[{"taxonomy":"product_brand","embeddable":true,"href":"https:\/\/www.fleurop-home.ch\/fr-ch\/wp-json\/wp\/v2\/product_brand?post=55959"},{"taxonomy":"product_cat","embeddable":true,"href":"https:\/\/www.fleurop-home.ch\/fr-ch\/wp-json\/wp\/v2\/product_cat?post=55959"},{"taxonomy":"product_tag","embeddable":true,"href":"https:\/\/www.fleurop-home.ch\/fr-ch\/wp-json\/wp\/v2\/product_tag?post=55959"},{"taxonomy":"woo-feed-brand","embeddable":true,"href":"https:\/\/www.fleurop-home.ch\/fr-ch\/wp-json\/wp\/v2\/woo-feed-brand?post=55959"}],"curies":[{"name":"wp","href":"https:\/\/api.w.org\/{rel}","templated":true}]}}