{"id":55951,"date":"2025-05-16T15:41:14","date_gmt":"2025-05-16T13:41:14","guid":{"rendered":"https:\/\/www.fleurop-home.ch\/de-ch\/p\/espressotasse-blau-grau"},"modified":"2026-04-01T15:35:52","modified_gmt":"2026-04-01T13:35:52","slug":"tasse-espresso-bleue-grise","status":"publish","type":"product","link":"https:\/\/www.fleurop-home.ch\/fr-ch\/p\/espressotasse-blau-grau","title":{"rendered":"Tasse \u00e0 expresso, bleu-gris"},"content":{"rendered":"<p>Tasse \u00e9maill\u00e9e \u00e0 la main en fa\u00efence<br \/>\nTasse \u00e0 expresso en bleu-gris<br \/>\n90 ml<br \/>\nH 6,5 cm<br \/>\n\u00d8 6.5 cm<\/p>","protected":false},"excerpt":{"rendered":"<p>Tasse \u00e9maill\u00e9e \u00e0 la main en fa\u00efence<\/p>","protected":false},"featured_media":55950,"template":"","meta":[],"product_brand":[],"product_cat":[1103,1022,797,42,1101,43],"product_tag":[324],"woo-feed-brand":[],"class_list":{"0":"post-55951","1":"product","2":"type-product","3":"status-publish","4":"has-post-thumbnail","6":"product_cat-trinken","7":"product_cat-brunch","8":"product_cat-muttertag","9":"product_cat-kueche","10":"product_cat-geschirr","11":"product_cat-gedeckter-tisch","12":"product_tag-marein-ag","14":"first","15":"instock","16":"taxable","17":"shipping-taxable","18":"purchasable","19":"product-type-simple"},"_links":{"self":[{"href":"https:\/\/www.fleurop-home.ch\/fr-ch\/wp-json\/wp\/v2\/product\/55951","targetHints":{"allow":["GET"]}}],"collection":[{"href":"https:\/\/www.fleurop-home.ch\/fr-ch\/wp-json\/wp\/v2\/product"}],"about":[{"href":"https:\/\/www.fleurop-home.ch\/fr-ch\/wp-json\/wp\/v2\/types\/product"}],"wp:featuredmedia":[{"embeddable":true,"href":"https:\/\/www.fleurop-home.ch\/fr-ch\/wp-json\/wp\/v2\/media\/55950"}],"wp:attachment":[{"href":"https:\/\/www.fleurop-home.ch\/fr-ch\/wp-json\/wp\/v2\/media?parent=55951"}],"wp:term":[{"taxonomy":"product_brand","embeddable":true,"href":"https:\/\/www.fleurop-home.ch\/fr-ch\/wp-json\/wp\/v2\/product_brand?post=55951"},{"taxonomy":"product_cat","embeddable":true,"href":"https:\/\/www.fleurop-home.ch\/fr-ch\/wp-json\/wp\/v2\/product_cat?post=55951"},{"taxonomy":"product_tag","embeddable":true,"href":"https:\/\/www.fleurop-home.ch\/fr-ch\/wp-json\/wp\/v2\/product_tag?post=55951"},{"taxonomy":"woo-feed-brand","embeddable":true,"href":"https:\/\/www.fleurop-home.ch\/fr-ch\/wp-json\/wp\/v2\/woo-feed-brand?post=55951"}],"curies":[{"name":"wp","href":"https:\/\/api.w.org\/{rel}","templated":true}]}}