{"id":55936,"date":"2025-05-16T15:40:18","date_gmt":"2025-05-16T13:40:18","guid":{"rendered":"https:\/\/www.fleurop-home.ch\/de-ch\/p\/trinkglasset-orea-4-stk"},"modified":"2026-03-11T09:38:21","modified_gmt":"2026-03-11T08:38:21","slug":"set-de-verres-a-boire-orea-4-pcs","status":"publish","type":"product","link":"https:\/\/www.fleurop-home.ch\/fr-ch\/p\/trinkglasset-orea-4-stk","title":{"rendered":"Set de verres \u00e0 boire Orea, 4 pi\u00e8ces"},"content":{"rendered":"<p>Set de 4 verres \u00e0 boire \"Orea<br \/>\ngris clair<br \/>\n\u00d8 8,5 cm<br \/>\n350 ml<\/p>","protected":false},"excerpt":{"rendered":"<p>350 ml<\/p>","protected":false},"featured_media":55935,"template":"","meta":[],"product_brand":[],"product_cat":[1103,909,1179,911,42,1101,43],"product_tag":[324],"woo-feed-brand":[],"class_list":{"0":"post-55936","1":"product","2":"type-product","3":"status-publish","4":"has-post-thumbnail","6":"product_cat-trinken","7":"product_cat-weihnachten","8":"product_cat-weihnachtsdeko","9":"product_cat-accessoires","10":"product_cat-kueche","11":"product_cat-geschirr","12":"product_cat-gedeckter-tisch","13":"product_tag-marein-ag","15":"first","16":"instock","17":"taxable","18":"shipping-taxable","19":"purchasable","20":"product-type-simple"},"_links":{"self":[{"href":"https:\/\/www.fleurop-home.ch\/fr-ch\/wp-json\/wp\/v2\/product\/55936","targetHints":{"allow":["GET"]}}],"collection":[{"href":"https:\/\/www.fleurop-home.ch\/fr-ch\/wp-json\/wp\/v2\/product"}],"about":[{"href":"https:\/\/www.fleurop-home.ch\/fr-ch\/wp-json\/wp\/v2\/types\/product"}],"wp:featuredmedia":[{"embeddable":true,"href":"https:\/\/www.fleurop-home.ch\/fr-ch\/wp-json\/wp\/v2\/media\/55935"}],"wp:attachment":[{"href":"https:\/\/www.fleurop-home.ch\/fr-ch\/wp-json\/wp\/v2\/media?parent=55936"}],"wp:term":[{"taxonomy":"product_brand","embeddable":true,"href":"https:\/\/www.fleurop-home.ch\/fr-ch\/wp-json\/wp\/v2\/product_brand?post=55936"},{"taxonomy":"product_cat","embeddable":true,"href":"https:\/\/www.fleurop-home.ch\/fr-ch\/wp-json\/wp\/v2\/product_cat?post=55936"},{"taxonomy":"product_tag","embeddable":true,"href":"https:\/\/www.fleurop-home.ch\/fr-ch\/wp-json\/wp\/v2\/product_tag?post=55936"},{"taxonomy":"woo-feed-brand","embeddable":true,"href":"https:\/\/www.fleurop-home.ch\/fr-ch\/wp-json\/wp\/v2\/woo-feed-brand?post=55936"}],"curies":[{"name":"wp","href":"https:\/\/api.w.org\/{rel}","templated":true}]}}