{"id":55934,"date":"2025-05-16T15:40:09","date_gmt":"2025-05-16T13:40:09","guid":{"rendered":"https:\/\/www.fleurop-home.ch\/de-ch\/p\/trinkglasset-miro-ultramarin-4-stk"},"modified":"2026-01-05T14:09:55","modified_gmt":"2026-01-05T13:09:55","slug":"set-de-verres-a-boire-miro-outremer-4-pcs","status":"publish","type":"product","link":"https:\/\/www.fleurop-home.ch\/fr-ch\/p\/trinkglasset-miro-ultramarin-4-stk","title":{"rendered":"Set de verres \u00e0 boire Miro, ultramarin, 4 pi\u00e8ces"},"content":{"rendered":"<p>Set de 4 verres \u00e0 boire \"Miro<br \/>\nbleu<br \/>\n390ml<\/p>","protected":false},"excerpt":{"rendered":"<p>390ml<\/p>","protected":false},"featured_media":57805,"template":"","meta":[],"product_brand":[],"product_cat":[1103,42,1101,43],"product_tag":[324],"woo-feed-brand":[],"class_list":{"0":"post-55934","1":"product","2":"type-product","3":"status-publish","4":"has-post-thumbnail","6":"product_cat-trinken","7":"product_cat-kueche","8":"product_cat-geschirr","9":"product_cat-gedeckter-tisch","10":"product_tag-marein-ag","12":"first","13":"instock","14":"taxable","15":"shipping-taxable","16":"purchasable","17":"product-type-simple"},"_links":{"self":[{"href":"https:\/\/www.fleurop-home.ch\/fr-ch\/wp-json\/wp\/v2\/product\/55934","targetHints":{"allow":["GET"]}}],"collection":[{"href":"https:\/\/www.fleurop-home.ch\/fr-ch\/wp-json\/wp\/v2\/product"}],"about":[{"href":"https:\/\/www.fleurop-home.ch\/fr-ch\/wp-json\/wp\/v2\/types\/product"}],"wp:featuredmedia":[{"embeddable":true,"href":"https:\/\/www.fleurop-home.ch\/fr-ch\/wp-json\/wp\/v2\/media\/57805"}],"wp:attachment":[{"href":"https:\/\/www.fleurop-home.ch\/fr-ch\/wp-json\/wp\/v2\/media?parent=55934"}],"wp:term":[{"taxonomy":"product_brand","embeddable":true,"href":"https:\/\/www.fleurop-home.ch\/fr-ch\/wp-json\/wp\/v2\/product_brand?post=55934"},{"taxonomy":"product_cat","embeddable":true,"href":"https:\/\/www.fleurop-home.ch\/fr-ch\/wp-json\/wp\/v2\/product_cat?post=55934"},{"taxonomy":"product_tag","embeddable":true,"href":"https:\/\/www.fleurop-home.ch\/fr-ch\/wp-json\/wp\/v2\/product_tag?post=55934"},{"taxonomy":"woo-feed-brand","embeddable":true,"href":"https:\/\/www.fleurop-home.ch\/fr-ch\/wp-json\/wp\/v2\/woo-feed-brand?post=55934"}],"curies":[{"name":"wp","href":"https:\/\/api.w.org\/{rel}","templated":true}]}}