{"id":55932,"date":"2025-05-16T15:40:02","date_gmt":"2025-05-16T13:40:02","guid":{"rendered":"https:\/\/www.fleurop-home.ch\/de-ch\/p\/keramikuntersetzer-carre4-stk"},"modified":"2026-03-18T13:42:04","modified_gmt":"2026-03-18T12:42:04","slug":"dessous-de-plat-en-ceramique-carre-4-pcs","status":"publish","type":"product","link":"https:\/\/www.fleurop-home.ch\/fr-ch\/p\/keramikuntersetzer-carre-4-stk","title":{"rendered":"Dessous de verre en c\u00e9ramique, carr\u00e9, 4 pi\u00e8ces"},"content":{"rendered":"<p>Set de 4 dessous de verre en c\u00e9ramique<br \/>\nbleu-blanc \u00e0 carreaux<br \/>\n\u00d8 9.5 cm<\/p>","protected":false},"excerpt":{"rendered":"<p>\u00d8 9.5 cm<\/p>","protected":false},"featured_media":58933,"template":"","meta":[],"product_brand":[],"product_cat":[1106,1019,1018,42,1104,43],"product_tag":[324],"woo-feed-brand":[],"class_list":{"0":"post-55932","1":"product","2":"type-product","3":"status-publish","4":"has-post-thumbnail","6":"product_cat-untersetzer","7":"product_cat-osterbrunch","8":"product_cat-ostern","9":"product_cat-kueche","10":"product_cat-tischakzente","11":"product_cat-gedeckter-tisch","12":"product_tag-marein-ag","14":"first","15":"instock","16":"taxable","17":"shipping-taxable","18":"purchasable","19":"product-type-simple"},"_links":{"self":[{"href":"https:\/\/www.fleurop-home.ch\/fr-ch\/wp-json\/wp\/v2\/product\/55932","targetHints":{"allow":["GET"]}}],"collection":[{"href":"https:\/\/www.fleurop-home.ch\/fr-ch\/wp-json\/wp\/v2\/product"}],"about":[{"href":"https:\/\/www.fleurop-home.ch\/fr-ch\/wp-json\/wp\/v2\/types\/product"}],"wp:featuredmedia":[{"embeddable":true,"href":"https:\/\/www.fleurop-home.ch\/fr-ch\/wp-json\/wp\/v2\/media\/58933"}],"wp:attachment":[{"href":"https:\/\/www.fleurop-home.ch\/fr-ch\/wp-json\/wp\/v2\/media?parent=55932"}],"wp:term":[{"taxonomy":"product_brand","embeddable":true,"href":"https:\/\/www.fleurop-home.ch\/fr-ch\/wp-json\/wp\/v2\/product_brand?post=55932"},{"taxonomy":"product_cat","embeddable":true,"href":"https:\/\/www.fleurop-home.ch\/fr-ch\/wp-json\/wp\/v2\/product_cat?post=55932"},{"taxonomy":"product_tag","embeddable":true,"href":"https:\/\/www.fleurop-home.ch\/fr-ch\/wp-json\/wp\/v2\/product_tag?post=55932"},{"taxonomy":"woo-feed-brand","embeddable":true,"href":"https:\/\/www.fleurop-home.ch\/fr-ch\/wp-json\/wp\/v2\/woo-feed-brand?post=55932"}],"curies":[{"name":"wp","href":"https:\/\/api.w.org\/{rel}","templated":true}]}}