{"id":55855,"date":"2025-05-16T15:34:42","date_gmt":"2025-05-16T13:34:42","guid":{"rendered":"https:\/\/www.fleurop-home.ch\/de-ch\/p\/200er-set-geschenk-anhaenger-bastel-etiketten-kraftpapieranhaenger-j"},"modified":"2026-02-05T13:49:58","modified_gmt":"2026-02-05T12:49:58","slug":"pochette-cadeau-200-pcs","status":"publish","type":"product","link":"https:\/\/www.fleurop-home.ch\/fr-ch\/p\/geschenkanhaenger-200-stk","title":{"rendered":"\u00c9tiquettes de cadeau - 200 pcs."},"content":{"rendered":"<p>Etiquettes de bricolage + ficelle de jute<br \/>\nMarron \/ Blanc<br \/>\n200 pi\u00e8ces<\/p>\n<p>Pendentif cadeau \u00e0 bricoler dans un set pratique :<br \/>\n- Pendentif universel en papier<br \/>\n- Id\u00e9al pour les cadeaux, les marque-pages, etc.<br \/>\n- Un design simple \u00e0 bricoler soi-m\u00eame<br \/>\n- Peut \u00eatre fix\u00e9 partout gr\u00e2ce \u00e0 la ficelle<br \/>\n- Couleur : marron\/blanc<br \/>\n- Mat\u00e9riel : papier<br \/>\n- Forme : Rectangle\/c\u0153ur\/rond<\/p>\n<p>Tu souhaites offrir un cadeau \u00e0 tes proches en leur faisant \u00e9galement tr\u00e8s plaisir avec l'emballage ?<\/p>\n<p>Avec ces simples pendentifs de bricolage en papier, tu as la possibilit\u00e9 de d\u00e9corer des cadeaux ou d'autres objets. Id\u00e9al pour les cadeaux de No\u00ebl, d'anniversaire ou m\u00eame de mariage. D\u00e9core les 200 pendentifs avec du washi tape, des pierres, peins-les ou colle-les et transforme-les en un v\u00e9ritable accroche-regard.<\/p>\n<p>Le kit comprend<br \/>\n50 x pendentifs de bricolage 52 x 52 mm<br \/>\n50 x pendentifs de bricolage 60 x 55 mm<br \/>\n100 x pendentifs de bricolage 90 x 40 cm<br \/>\n1 x ruban cadeau en jute (30m)<\/p>","protected":false},"excerpt":{"rendered":"<p>Etiquettes \u00e0 bricoler<\/p>","protected":false},"featured_media":68408,"template":"","meta":[],"product_brand":[],"product_cat":[1193,23,1178,909,911,29,52,1223,53],"product_tag":[324],"woo-feed-brand":[],"class_list":{"0":"post-55855","1":"product","2":"type-product","3":"status-publish","4":"has-post-thumbnail","6":"product_cat-baender-tueten","7":"product_cat-home-living","8":"product_cat-diy","9":"product_cat-weihnachten","10":"product_cat-accessoires","11":"product_cat-do-it-yourself","12":"product_cat-geschenke","13":"product_cat-anlaesse","14":"product_cat-geschenksets","15":"product_tag-marein-ag","17":"first","18":"instock","19":"featured","20":"taxable","21":"shipping-taxable","22":"purchasable","23":"product-type-simple"},"_links":{"self":[{"href":"https:\/\/www.fleurop-home.ch\/fr-ch\/wp-json\/wp\/v2\/product\/55855","targetHints":{"allow":["GET"]}}],"collection":[{"href":"https:\/\/www.fleurop-home.ch\/fr-ch\/wp-json\/wp\/v2\/product"}],"about":[{"href":"https:\/\/www.fleurop-home.ch\/fr-ch\/wp-json\/wp\/v2\/types\/product"}],"wp:featuredmedia":[{"embeddable":true,"href":"https:\/\/www.fleurop-home.ch\/fr-ch\/wp-json\/wp\/v2\/media\/68408"}],"wp:attachment":[{"href":"https:\/\/www.fleurop-home.ch\/fr-ch\/wp-json\/wp\/v2\/media?parent=55855"}],"wp:term":[{"taxonomy":"product_brand","embeddable":true,"href":"https:\/\/www.fleurop-home.ch\/fr-ch\/wp-json\/wp\/v2\/product_brand?post=55855"},{"taxonomy":"product_cat","embeddable":true,"href":"https:\/\/www.fleurop-home.ch\/fr-ch\/wp-json\/wp\/v2\/product_cat?post=55855"},{"taxonomy":"product_tag","embeddable":true,"href":"https:\/\/www.fleurop-home.ch\/fr-ch\/wp-json\/wp\/v2\/product_tag?post=55855"},{"taxonomy":"woo-feed-brand","embeddable":true,"href":"https:\/\/www.fleurop-home.ch\/fr-ch\/wp-json\/wp\/v2\/woo-feed-brand?post=55855"}],"curies":[{"name":"wp","href":"https:\/\/api.w.org\/{rel}","templated":true}]}}