{"id":55845,"date":"2025-05-16T15:34:06","date_gmt":"2025-05-16T13:34:06","guid":{"rendered":"https:\/\/www.fleurop-home.ch\/de-ch\/p\/3in1-edelstahl-flaschen-kuehler-wein-dekanter-und-drop-stop-ausguss-s"},"modified":"2026-01-05T14:10:08","modified_gmt":"2026-01-05T13:10:08","slug":"seau-a-bouteilles","status":"publish","type":"product","link":"https:\/\/www.fleurop-home.ch\/fr-ch\/p\/flaschenkuehler","title":{"rendered":"Rafra\u00eechisseur de bouteille"},"content":{"rendered":"<p>Rafra\u00eechisseur de bouteille en acier inoxydable avec d\u00e9canteur de vin et bec verseur anti-gouttes<\/p>","protected":false},"excerpt":{"rendered":"<p>3in1 Rafra\u00eechisseur de bouteille en acier inoxydable<\/p>","protected":false},"featured_media":55844,"template":"","meta":[],"product_brand":[],"product_cat":[42,44],"product_tag":[324],"woo-feed-brand":[],"class_list":{"0":"post-55845","1":"product","2":"type-product","3":"status-publish","4":"has-post-thumbnail","6":"product_cat-kueche","7":"product_cat-kuechenhelfer","8":"product_tag-marein-ag","10":"first","11":"instock","12":"taxable","13":"shipping-taxable","14":"purchasable","15":"product-type-simple"},"_links":{"self":[{"href":"https:\/\/www.fleurop-home.ch\/fr-ch\/wp-json\/wp\/v2\/product\/55845","targetHints":{"allow":["GET"]}}],"collection":[{"href":"https:\/\/www.fleurop-home.ch\/fr-ch\/wp-json\/wp\/v2\/product"}],"about":[{"href":"https:\/\/www.fleurop-home.ch\/fr-ch\/wp-json\/wp\/v2\/types\/product"}],"wp:featuredmedia":[{"embeddable":true,"href":"https:\/\/www.fleurop-home.ch\/fr-ch\/wp-json\/wp\/v2\/media\/55844"}],"wp:attachment":[{"href":"https:\/\/www.fleurop-home.ch\/fr-ch\/wp-json\/wp\/v2\/media?parent=55845"}],"wp:term":[{"taxonomy":"product_brand","embeddable":true,"href":"https:\/\/www.fleurop-home.ch\/fr-ch\/wp-json\/wp\/v2\/product_brand?post=55845"},{"taxonomy":"product_cat","embeddable":true,"href":"https:\/\/www.fleurop-home.ch\/fr-ch\/wp-json\/wp\/v2\/product_cat?post=55845"},{"taxonomy":"product_tag","embeddable":true,"href":"https:\/\/www.fleurop-home.ch\/fr-ch\/wp-json\/wp\/v2\/product_tag?post=55845"},{"taxonomy":"woo-feed-brand","embeddable":true,"href":"https:\/\/www.fleurop-home.ch\/fr-ch\/wp-json\/wp\/v2\/woo-feed-brand?post=55845"}],"curies":[{"name":"wp","href":"https:\/\/api.w.org\/{rel}","templated":true}]}}