{"id":55817,"date":"2025-05-16T15:32:19","date_gmt":"2025-05-16T13:32:19","guid":{"rendered":"https:\/\/www.fleurop-home.ch\/de-ch\/p\/540ml-trinkglas-cocktail-cup-getraenke-glas-eiskaffe-becher-mit-bambu"},"modified":"2026-01-05T14:10:13","modified_gmt":"2026-01-05T13:10:13","slug":"tasse-a-cafe-glace-avec-bambou","status":"publish","type":"product","link":"https:\/\/www.fleurop-home.ch\/fr-ch\/p\/eiskaffe-becher-mit-bambu","title":{"rendered":"Tasse \u00e0 caf\u00e9 glac\u00e9 avec bambou"},"content":{"rendered":"<p>Verre \u00e0 boire Cocktail Cup Gobelet avec couvercle en bambou + paille en verre, 540ml<\/p>\n<p>&nbsp;<\/p>","protected":false},"excerpt":{"rendered":"<p>(540ml) Verre \u00e0 boire Cocktail Cup Boissons Verre \u00e0 caf\u00e9 glac\u00e9 avec bambou<\/p>","protected":false},"featured_media":55816,"template":"","meta":[],"product_brand":[],"product_cat":[1103,42,1101,43],"product_tag":[324],"woo-feed-brand":[],"class_list":{"0":"post-55817","1":"product","2":"type-product","3":"status-publish","4":"has-post-thumbnail","6":"product_cat-trinken","7":"product_cat-kueche","8":"product_cat-geschirr","9":"product_cat-gedeckter-tisch","10":"product_tag-marein-ag","12":"first","13":"instock","14":"taxable","15":"shipping-taxable","16":"purchasable","17":"product-type-simple"},"_links":{"self":[{"href":"https:\/\/www.fleurop-home.ch\/fr-ch\/wp-json\/wp\/v2\/product\/55817","targetHints":{"allow":["GET"]}}],"collection":[{"href":"https:\/\/www.fleurop-home.ch\/fr-ch\/wp-json\/wp\/v2\/product"}],"about":[{"href":"https:\/\/www.fleurop-home.ch\/fr-ch\/wp-json\/wp\/v2\/types\/product"}],"wp:featuredmedia":[{"embeddable":true,"href":"https:\/\/www.fleurop-home.ch\/fr-ch\/wp-json\/wp\/v2\/media\/55816"}],"wp:attachment":[{"href":"https:\/\/www.fleurop-home.ch\/fr-ch\/wp-json\/wp\/v2\/media?parent=55817"}],"wp:term":[{"taxonomy":"product_brand","embeddable":true,"href":"https:\/\/www.fleurop-home.ch\/fr-ch\/wp-json\/wp\/v2\/product_brand?post=55817"},{"taxonomy":"product_cat","embeddable":true,"href":"https:\/\/www.fleurop-home.ch\/fr-ch\/wp-json\/wp\/v2\/product_cat?post=55817"},{"taxonomy":"product_tag","embeddable":true,"href":"https:\/\/www.fleurop-home.ch\/fr-ch\/wp-json\/wp\/v2\/product_tag?post=55817"},{"taxonomy":"woo-feed-brand","embeddable":true,"href":"https:\/\/www.fleurop-home.ch\/fr-ch\/wp-json\/wp\/v2\/woo-feed-brand?post=55817"}],"curies":[{"name":"wp","href":"https:\/\/api.w.org\/{rel}","templated":true}]}}