{"id":55815,"date":"2025-05-16T15:32:11","date_gmt":"2025-05-16T13:32:11","guid":{"rendered":"https:\/\/www.fleurop-home.ch\/de-ch\/p\/3x3m-300-leds-weihnachts-lichterkette-vorhang-deko-usb-beleuchtung"},"modified":"2026-01-05T14:10:14","modified_gmt":"2026-01-05T13:10:14","slug":"300-leds-chaine-lumineuse-rideau","status":"publish","type":"product","link":"https:\/\/www.fleurop-home.ch\/fr-ch\/p\/300-leds-lichterkette-vorhang","title":{"rendered":"300 LED's Cha\u00eene de lumi\u00e8re Rideau"},"content":{"rendered":"<p>300 LED's Cha\u00eene de lumi\u00e8re rideau D\u00e9coration \u00e9clairage USB 8 modes - Blanc chaud, 3 x 3m<\/p>\n<p>&nbsp;<\/p>","protected":false},"excerpt":{"rendered":"<p>(3x3m) 300 LED's Cha\u00eene de lumi\u00e8re de No\u00ebl Rideau D\u00e9co \u00c9clairage USB<\/p>","protected":false},"featured_media":55814,"template":"","meta":[],"product_brand":[],"product_cat":[108,23,980,909,911,28],"product_tag":[324],"woo-feed-brand":[],"class_list":{"0":"post-55815","1":"product","2":"type-product","3":"status-publish","4":"has-post-thumbnail","6":"product_cat-lichterketten-laternen","7":"product_cat-home-living","8":"product_cat-lichterketten","9":"product_cat-weihnachten","10":"product_cat-accessoires","11":"product_cat-kerzen-lichter","12":"product_tag-marein-ag","14":"first","15":"instock","16":"taxable","17":"shipping-taxable","18":"purchasable","19":"product-type-simple"},"_links":{"self":[{"href":"https:\/\/www.fleurop-home.ch\/fr-ch\/wp-json\/wp\/v2\/product\/55815","targetHints":{"allow":["GET"]}}],"collection":[{"href":"https:\/\/www.fleurop-home.ch\/fr-ch\/wp-json\/wp\/v2\/product"}],"about":[{"href":"https:\/\/www.fleurop-home.ch\/fr-ch\/wp-json\/wp\/v2\/types\/product"}],"wp:featuredmedia":[{"embeddable":true,"href":"https:\/\/www.fleurop-home.ch\/fr-ch\/wp-json\/wp\/v2\/media\/55814"}],"wp:attachment":[{"href":"https:\/\/www.fleurop-home.ch\/fr-ch\/wp-json\/wp\/v2\/media?parent=55815"}],"wp:term":[{"taxonomy":"product_brand","embeddable":true,"href":"https:\/\/www.fleurop-home.ch\/fr-ch\/wp-json\/wp\/v2\/product_brand?post=55815"},{"taxonomy":"product_cat","embeddable":true,"href":"https:\/\/www.fleurop-home.ch\/fr-ch\/wp-json\/wp\/v2\/product_cat?post=55815"},{"taxonomy":"product_tag","embeddable":true,"href":"https:\/\/www.fleurop-home.ch\/fr-ch\/wp-json\/wp\/v2\/product_tag?post=55815"},{"taxonomy":"woo-feed-brand","embeddable":true,"href":"https:\/\/www.fleurop-home.ch\/fr-ch\/wp-json\/wp\/v2\/woo-feed-brand?post=55815"}],"curies":[{"name":"wp","href":"https:\/\/api.w.org\/{rel}","templated":true}]}}