{"id":55809,"date":"2025-05-16T15:31:49","date_gmt":"2025-05-16T13:31:49","guid":{"rendered":"https:\/\/www.fleurop-home.ch\/de-ch\/p\/300ml-bubble-glas-geripptes-trinkglas-wellen-becher"},"modified":"2026-01-05T14:10:15","modified_gmt":"2026-01-05T13:10:15","slug":"verre-a-bulles","status":"publish","type":"product","link":"https:\/\/www.fleurop-home.ch\/fr-ch\/p\/bubble-glas","title":{"rendered":"Verre \u00e0 bulles"},"content":{"rendered":"<p>Verre \u00e0 bulles Verre \u00e0 boissons stri\u00e9 Coupe \u00e0 boissons<\/p>\n<p>Transparent, 300ml<\/p>\n<p>&nbsp;<\/p>\n<p>&nbsp;<\/p>","protected":false},"excerpt":{"rendered":"<p>(300ml) Verre \u00e0 bulles Verre stri\u00e9 \u00e0 vagues<\/p>","protected":false},"featured_media":55808,"template":"","meta":[],"product_brand":[],"product_cat":[1103,984,994,42,1101,43],"product_tag":[324],"woo-feed-brand":[],"class_list":{"0":"post-55809","1":"product","2":"type-product","3":"status-publish","4":"has-post-thumbnail","6":"product_cat-trinken","7":"product_cat-silvester","8":"product_cat-silvestertisch","9":"product_cat-kueche","10":"product_cat-geschirr","11":"product_cat-gedeckter-tisch","12":"product_tag-marein-ag","14":"first","15":"instock","16":"taxable","17":"shipping-taxable","18":"purchasable","19":"product-type-simple"},"_links":{"self":[{"href":"https:\/\/www.fleurop-home.ch\/fr-ch\/wp-json\/wp\/v2\/product\/55809","targetHints":{"allow":["GET"]}}],"collection":[{"href":"https:\/\/www.fleurop-home.ch\/fr-ch\/wp-json\/wp\/v2\/product"}],"about":[{"href":"https:\/\/www.fleurop-home.ch\/fr-ch\/wp-json\/wp\/v2\/types\/product"}],"wp:featuredmedia":[{"embeddable":true,"href":"https:\/\/www.fleurop-home.ch\/fr-ch\/wp-json\/wp\/v2\/media\/55808"}],"wp:attachment":[{"href":"https:\/\/www.fleurop-home.ch\/fr-ch\/wp-json\/wp\/v2\/media?parent=55809"}],"wp:term":[{"taxonomy":"product_brand","embeddable":true,"href":"https:\/\/www.fleurop-home.ch\/fr-ch\/wp-json\/wp\/v2\/product_brand?post=55809"},{"taxonomy":"product_cat","embeddable":true,"href":"https:\/\/www.fleurop-home.ch\/fr-ch\/wp-json\/wp\/v2\/product_cat?post=55809"},{"taxonomy":"product_tag","embeddable":true,"href":"https:\/\/www.fleurop-home.ch\/fr-ch\/wp-json\/wp\/v2\/product_tag?post=55809"},{"taxonomy":"woo-feed-brand","embeddable":true,"href":"https:\/\/www.fleurop-home.ch\/fr-ch\/wp-json\/wp\/v2\/woo-feed-brand?post=55809"}],"curies":[{"name":"wp","href":"https:\/\/api.w.org\/{rel}","templated":true}]}}