{"id":5542,"date":"2019-07-23T13:29:23","date_gmt":"2019-07-23T13:29:23","guid":{"rendered":"https:\/\/www.fleurop-home.ch\/?product=coastal-sunset-large-jar"},"modified":"2025-04-01T07:10:37","modified_gmt":"2025-04-01T05:10:37","slug":"coastal-sunset-grand-pot","status":"publish","type":"product","link":"https:\/\/www.fleurop-home.ch\/fr-ch\/p\/coastal-sunset-large-jar","title":{"rendered":"Coastal Sunset Large Jar"},"content":{"rendered":"<p>Les bougies sp\u00e9ciales en forme de sablier remplissent ta maison de cr\u00e9pitements apaisants et de parfums accueillants de WoodWick. Les bougies se distinguent par un design propre et moderne et une forme \u00e9l\u00e9gante. Disponible en Mini &amp; Large Jar et Ellipse.<\/p>","protected":false},"excerpt":{"rendered":"<p>Les fleurs embrass\u00e9es par le soleil, les nuances accueillantes de la noix de coco et l'air sal\u00e9 de la mer capturent l'\u00e9clat chaud de la c\u00f4te.<br \/>\nH : 178mm, L : 102mm, D : 102mm (prix par pi\u00e8ce)<\/p>","protected":false},"featured_media":5543,"template":"","meta":[],"product_brand":[],"product_cat":[99,23,28],"product_tag":[288],"woo-feed-brand":[],"class_list":{"0":"post-5542","1":"product","2":"type-product","3":"status-publish","4":"has-post-thumbnail","6":"product_cat-duftkerzen","7":"product_cat-home-living","8":"product_cat-kerzen-lichter","9":"product_tag-spirig-kerzen-ag","11":"first","12":"instock","13":"taxable","14":"shipping-taxable","15":"purchasable","16":"product-type-simple"},"_links":{"self":[{"href":"https:\/\/www.fleurop-home.ch\/fr-ch\/wp-json\/wp\/v2\/product\/5542","targetHints":{"allow":["GET"]}}],"collection":[{"href":"https:\/\/www.fleurop-home.ch\/fr-ch\/wp-json\/wp\/v2\/product"}],"about":[{"href":"https:\/\/www.fleurop-home.ch\/fr-ch\/wp-json\/wp\/v2\/types\/product"}],"wp:featuredmedia":[{"embeddable":true,"href":"https:\/\/www.fleurop-home.ch\/fr-ch\/wp-json\/wp\/v2\/media\/5543"}],"wp:attachment":[{"href":"https:\/\/www.fleurop-home.ch\/fr-ch\/wp-json\/wp\/v2\/media?parent=5542"}],"wp:term":[{"taxonomy":"product_brand","embeddable":true,"href":"https:\/\/www.fleurop-home.ch\/fr-ch\/wp-json\/wp\/v2\/product_brand?post=5542"},{"taxonomy":"product_cat","embeddable":true,"href":"https:\/\/www.fleurop-home.ch\/fr-ch\/wp-json\/wp\/v2\/product_cat?post=5542"},{"taxonomy":"product_tag","embeddable":true,"href":"https:\/\/www.fleurop-home.ch\/fr-ch\/wp-json\/wp\/v2\/product_tag?post=5542"},{"taxonomy":"woo-feed-brand","embeddable":true,"href":"https:\/\/www.fleurop-home.ch\/fr-ch\/wp-json\/wp\/v2\/woo-feed-brand?post=5542"}],"curies":[{"name":"wp","href":"https:\/\/api.w.org\/{rel}","templated":true}]}}