{"id":54987,"date":"2025-05-01T15:12:32","date_gmt":"2025-05-01T13:12:32","guid":{"rendered":"https:\/\/www.fleurop-home.ch\/de-ch\/?post_type=product&#038;p=54987"},"modified":"2025-06-20T10:39:33","modified_gmt":"2025-06-20T08:39:33","slug":"strelitzie-artificielle","status":"publish","type":"product","link":"https:\/\/www.fleurop-home.ch\/fr-ch\/p\/kuenstliche-strelitzie","title":{"rendered":"Strelitzia artificiel"},"content":{"rendered":"<p class=\"\" data-start=\"349\" data-end=\"977\">Cet \u00e9l\u00e9gant strelitzia artificiel apporte une touche tropicale \u00e0 n'importe quelle pi\u00e8ce, sans aucun entretien. Avec ses longues feuilles incurv\u00e9es et sa hauteur impressionnante, elle est particuli\u00e8rement \u00e9l\u00e9gante et de grande qualit\u00e9. La finition fid\u00e8le \u00e0 la nature donne un aspect authentique - id\u00e9al pour ceux qui aiment les plantes durables et faciles \u00e0 entretenir.<\/p>\n<p>Hauteur : environ 180cm<\/p>\n<p>\u00d8 du pot : environ 25 cm<\/p>\n<p>&nbsp;<\/p>","protected":false},"excerpt":{"rendered":"<p>D\u00e9claration moderne pour chaque int\u00e9rieur : strelitzia artificiel - \u00e9l\u00e9gant et sans entretien.<\/p>\n<p>&nbsp;<\/p>","protected":false},"featured_media":54990,"template":"","meta":[],"product_brand":[],"product_cat":[107,23,26],"product_tag":[1084],"woo-feed-brand":[],"class_list":{"0":"post-54987","1":"product","2":"type-product","3":"status-publish","4":"has-post-thumbnail","6":"product_cat-kunstblumen","7":"product_cat-home-living","8":"product_cat-blumen-pflanzen","9":"product_tag-froilein-blume","11":"first","12":"instock","13":"taxable","14":"shipping-taxable","15":"purchasable","16":"product-type-simple"},"_links":{"self":[{"href":"https:\/\/www.fleurop-home.ch\/fr-ch\/wp-json\/wp\/v2\/product\/54987","targetHints":{"allow":["GET"]}}],"collection":[{"href":"https:\/\/www.fleurop-home.ch\/fr-ch\/wp-json\/wp\/v2\/product"}],"about":[{"href":"https:\/\/www.fleurop-home.ch\/fr-ch\/wp-json\/wp\/v2\/types\/product"}],"wp:featuredmedia":[{"embeddable":true,"href":"https:\/\/www.fleurop-home.ch\/fr-ch\/wp-json\/wp\/v2\/media\/54990"}],"wp:attachment":[{"href":"https:\/\/www.fleurop-home.ch\/fr-ch\/wp-json\/wp\/v2\/media?parent=54987"}],"wp:term":[{"taxonomy":"product_brand","embeddable":true,"href":"https:\/\/www.fleurop-home.ch\/fr-ch\/wp-json\/wp\/v2\/product_brand?post=54987"},{"taxonomy":"product_cat","embeddable":true,"href":"https:\/\/www.fleurop-home.ch\/fr-ch\/wp-json\/wp\/v2\/product_cat?post=54987"},{"taxonomy":"product_tag","embeddable":true,"href":"https:\/\/www.fleurop-home.ch\/fr-ch\/wp-json\/wp\/v2\/product_tag?post=54987"},{"taxonomy":"woo-feed-brand","embeddable":true,"href":"https:\/\/www.fleurop-home.ch\/fr-ch\/wp-json\/wp\/v2\/woo-feed-brand?post=54987"}],"curies":[{"name":"wp","href":"https:\/\/api.w.org\/{rel}","templated":true}]}}