{"id":54954,"date":"2025-05-22T07:59:18","date_gmt":"2025-05-22T05:59:18","guid":{"rendered":"https:\/\/www.fleurop-home.ch\/?post_type=product&#038;p=54954"},"modified":"2025-06-20T10:46:50","modified_gmt":"2025-06-20T08:46:50","slug":"body-a-manches-longues-avec-broderie","status":"publish","type":"product","link":"https:\/\/www.fleurop-home.ch\/fr-ch\/p\/langarm-body-mit-stickerei","title":{"rendered":"Body \u00e0 manches longues avec broderie"},"content":{"rendered":"<p>Nos bodys populaires avec des broderies \u00e0 pois dans diverses couleurs s'accordent merveilleusement bien avec nos tricots et compl\u00e8tent compl\u00e8tement les combinaisons.<\/p>\n<p>Les bodys sont en coton 100% et tricot\u00e9s dans une qualit\u00e9 interlock.<\/p>\n<p>&nbsp;<\/p>\n<p class=\"p1\"><strong>Tableau des tailles Frilo AG :<\/strong><\/p>\n<p>56 (0-1 mois)<\/p>\n<p>62 (1-3 mois)<\/p>\n<p>68 (3-6 mois)<\/p>\n<p>74 (6-9 Monte)<\/p>\n<p>80 (9-12 mois)<\/p>\n<p>86 (12-18 mois)<\/p>","protected":false},"excerpt":{"rendered":"<p>100% de coton fin : le body pour b\u00e9b\u00e9 avec col brod\u00e9 en diff\u00e9rents points color\u00e9s de frilo, nous le faisons produire en Europe, en accord avec notre tricot.<\/p>","protected":false},"featured_media":54973,"template":"","meta":[],"product_brand":[],"product_cat":[60,59],"product_tag":[1087],"woo-feed-brand":[],"class_list":{"0":"post-54954","1":"product","2":"type-product","3":"status-publish","4":"has-post-thumbnail","6":"product_cat-kindertextilien","7":"product_cat-kids","8":"product_tag-frilo-ag","10":"first","11":"instock","12":"taxable","13":"shipping-taxable","14":"purchasable","15":"product-type-variable"},"_links":{"self":[{"href":"https:\/\/www.fleurop-home.ch\/fr-ch\/wp-json\/wp\/v2\/product\/54954","targetHints":{"allow":["GET"]}}],"collection":[{"href":"https:\/\/www.fleurop-home.ch\/fr-ch\/wp-json\/wp\/v2\/product"}],"about":[{"href":"https:\/\/www.fleurop-home.ch\/fr-ch\/wp-json\/wp\/v2\/types\/product"}],"wp:featuredmedia":[{"embeddable":true,"href":"https:\/\/www.fleurop-home.ch\/fr-ch\/wp-json\/wp\/v2\/media\/54973"}],"wp:attachment":[{"href":"https:\/\/www.fleurop-home.ch\/fr-ch\/wp-json\/wp\/v2\/media?parent=54954"}],"wp:term":[{"taxonomy":"product_brand","embeddable":true,"href":"https:\/\/www.fleurop-home.ch\/fr-ch\/wp-json\/wp\/v2\/product_brand?post=54954"},{"taxonomy":"product_cat","embeddable":true,"href":"https:\/\/www.fleurop-home.ch\/fr-ch\/wp-json\/wp\/v2\/product_cat?post=54954"},{"taxonomy":"product_tag","embeddable":true,"href":"https:\/\/www.fleurop-home.ch\/fr-ch\/wp-json\/wp\/v2\/product_tag?post=54954"},{"taxonomy":"woo-feed-brand","embeddable":true,"href":"https:\/\/www.fleurop-home.ch\/fr-ch\/wp-json\/wp\/v2\/woo-feed-brand?post=54954"}],"curies":[{"name":"wp","href":"https:\/\/api.w.org\/{rel}","templated":true}]}}