{"id":54953,"date":"2025-05-22T07:59:21","date_gmt":"2025-05-22T05:59:21","guid":{"rendered":"https:\/\/www.fleurop-home.ch\/?post_type=product&#038;p=54953"},"modified":"2025-06-20T10:46:45","modified_gmt":"2025-06-20T08:46:45","slug":"manteau-a-capuche-avec-fermetures-a-baillon","status":"publish","type":"product","link":"https:\/\/www.fleurop-home.ch\/fr-ch\/p\/kapuzenmantel-mit-knebelverschluessen","title":{"rendered":"Manteau \u00e0 capuche avec fermetures \u00e0 garrot"},"content":{"rendered":"<p>Le manteau sportif \u00e0 capuche en maille perl\u00e9e fait partie de notre programme de base qui est disponible en stock toute l'ann\u00e9e avec des d\u00e9lais de livraison courts.<\/p>\n<p>Pour la qualit\u00e9 :<\/p>\n<p>La laine m\u00e9rinos est une merveilleuse fibre naturelle qui poss\u00e8de de nombreuses propri\u00e9t\u00e9s et qui est particuli\u00e8rement adapt\u00e9e \u00e0 la peau d\u00e9licate des b\u00e9b\u00e9s. Elle r\u00e9gule notamment la temp\u00e9rature (elle rafra\u00eechit en \u00e9t\u00e9 et r\u00e9chauffe en hiver), retient l'humidit\u00e9 sans donner l'impression d'\u00eatre mouill\u00e9e et est respirante. Tu peux a\u00e9rer les produits m\u00e9rinos sans les laver souvent.<\/p>\n<p>&nbsp;<\/p>\n<p class=\"p1\"><strong>Tableau des tailles Frilo AG :<\/strong><\/p>\n<p>56 (0-1 mois)<\/p>\n<p>62 (1-3 mois)<\/p>\n<p>68 (3-6 mois)<\/p>\n<p>74 (6-9 Monte)<\/p>\n<p>80 (9-12 mois)<\/p>\n<p>86 (12-18 mois)<\/p>","protected":false},"excerpt":{"rendered":"<p>100% de laine m\u00e9rinos la plus fine : le manteau \u00e0 capuche pour b\u00e9b\u00e9 tricot\u00e9 simplement en maille perl\u00e9e et avec des fermetures \u00e0 garrot de frilo swissmade est fabriqu\u00e9 \u00e0 100% en Suisse.<\/p>","protected":false},"featured_media":54972,"template":"","meta":[],"product_brand":[],"product_cat":[60,59],"product_tag":[1087],"woo-feed-brand":[],"class_list":{"0":"post-54953","1":"product","2":"type-product","3":"status-publish","4":"has-post-thumbnail","6":"product_cat-kindertextilien","7":"product_cat-kids","8":"product_tag-frilo-ag","10":"first","11":"instock","12":"taxable","13":"shipping-taxable","14":"purchasable","15":"product-type-variable"},"_links":{"self":[{"href":"https:\/\/www.fleurop-home.ch\/fr-ch\/wp-json\/wp\/v2\/product\/54953","targetHints":{"allow":["GET"]}}],"collection":[{"href":"https:\/\/www.fleurop-home.ch\/fr-ch\/wp-json\/wp\/v2\/product"}],"about":[{"href":"https:\/\/www.fleurop-home.ch\/fr-ch\/wp-json\/wp\/v2\/types\/product"}],"wp:featuredmedia":[{"embeddable":true,"href":"https:\/\/www.fleurop-home.ch\/fr-ch\/wp-json\/wp\/v2\/media\/54972"}],"wp:attachment":[{"href":"https:\/\/www.fleurop-home.ch\/fr-ch\/wp-json\/wp\/v2\/media?parent=54953"}],"wp:term":[{"taxonomy":"product_brand","embeddable":true,"href":"https:\/\/www.fleurop-home.ch\/fr-ch\/wp-json\/wp\/v2\/product_brand?post=54953"},{"taxonomy":"product_cat","embeddable":true,"href":"https:\/\/www.fleurop-home.ch\/fr-ch\/wp-json\/wp\/v2\/product_cat?post=54953"},{"taxonomy":"product_tag","embeddable":true,"href":"https:\/\/www.fleurop-home.ch\/fr-ch\/wp-json\/wp\/v2\/product_tag?post=54953"},{"taxonomy":"woo-feed-brand","embeddable":true,"href":"https:\/\/www.fleurop-home.ch\/fr-ch\/wp-json\/wp\/v2\/woo-feed-brand?post=54953"}],"curies":[{"name":"wp","href":"https:\/\/api.w.org\/{rel}","templated":true}]}}