{"id":54943,"date":"2025-05-22T07:59:54","date_gmt":"2025-05-22T05:59:54","guid":{"rendered":"https:\/\/www.fleurop-home.ch\/?post_type=product&#038;p=54943"},"modified":"2025-06-20T10:45:55","modified_gmt":"2025-06-20T08:45:55","slug":"veste-tricotee-col-rond","status":"publish","type":"product","link":"https:\/\/www.fleurop-home.ch\/fr-ch\/p\/strickjacke-rundhals","title":{"rendered":"Veste tricot\u00e9e col rond"},"content":{"rendered":"<p>Notre tricot populaire gauche\/gauche \u00e0 l'aspect ondul\u00e9 est extensible en hauteur et en largeur et doux comme du beurre. Le cardigan fait partie de notre programme de base et est disponible en stock toute l'ann\u00e9e.<\/p>\n<p>Pour la qualit\u00e9 :<\/p>\n<p>La laine m\u00e9rinos est une merveilleuse fibre naturelle qui poss\u00e8de de nombreuses propri\u00e9t\u00e9s et qui est particuli\u00e8rement adapt\u00e9e \u00e0 la peau d\u00e9licate des b\u00e9b\u00e9s. Elle r\u00e9gule notamment la temp\u00e9rature (elle rafra\u00eechit en \u00e9t\u00e9 et r\u00e9chauffe en hiver), retient l'humidit\u00e9 sans donner l'impression d'\u00eatre mouill\u00e9e et est respirante. Tu peux a\u00e9rer les produits m\u00e9rinos sans les laver souvent.<\/p>\n<p>&nbsp;<\/p>\n<p class=\"p1\"><strong>Tableau des tailles Frilo AG :<\/strong><\/p>\n<p>56 (0-1 mois)<\/p>\n<p>62 (1-3 mois)<\/p>\n<p>68 (3-6 mois)<\/p>\n<p>74 (6-9 Monte)<\/p>\n<p>80 (9-12 mois)<\/p>\n<p>86 (12-18 mois)<\/p>","protected":false},"excerpt":{"rendered":"<p>100% de fine laine m\u00e9rinos : la veste pour b\u00e9b\u00e9 tricot\u00e9e par frilo swissmade est fabriqu\u00e9e \u00e0 100% en Suisse.<\/p>","protected":false},"featured_media":55485,"template":"","meta":[],"product_brand":[],"product_cat":[60,59],"product_tag":[1087],"woo-feed-brand":[],"class_list":{"0":"post-54943","1":"product","2":"type-product","3":"status-publish","4":"has-post-thumbnail","6":"product_cat-kindertextilien","7":"product_cat-kids","8":"product_tag-frilo-ag","10":"first","11":"instock","12":"taxable","13":"shipping-taxable","14":"purchasable","15":"product-type-variable"},"_links":{"self":[{"href":"https:\/\/www.fleurop-home.ch\/fr-ch\/wp-json\/wp\/v2\/product\/54943","targetHints":{"allow":["GET"]}}],"collection":[{"href":"https:\/\/www.fleurop-home.ch\/fr-ch\/wp-json\/wp\/v2\/product"}],"about":[{"href":"https:\/\/www.fleurop-home.ch\/fr-ch\/wp-json\/wp\/v2\/types\/product"}],"wp:featuredmedia":[{"embeddable":true,"href":"https:\/\/www.fleurop-home.ch\/fr-ch\/wp-json\/wp\/v2\/media\/55485"}],"wp:attachment":[{"href":"https:\/\/www.fleurop-home.ch\/fr-ch\/wp-json\/wp\/v2\/media?parent=54943"}],"wp:term":[{"taxonomy":"product_brand","embeddable":true,"href":"https:\/\/www.fleurop-home.ch\/fr-ch\/wp-json\/wp\/v2\/product_brand?post=54943"},{"taxonomy":"product_cat","embeddable":true,"href":"https:\/\/www.fleurop-home.ch\/fr-ch\/wp-json\/wp\/v2\/product_cat?post=54943"},{"taxonomy":"product_tag","embeddable":true,"href":"https:\/\/www.fleurop-home.ch\/fr-ch\/wp-json\/wp\/v2\/product_tag?post=54943"},{"taxonomy":"woo-feed-brand","embeddable":true,"href":"https:\/\/www.fleurop-home.ch\/fr-ch\/wp-json\/wp\/v2\/woo-feed-brand?post=54943"}],"curies":[{"name":"wp","href":"https:\/\/api.w.org\/{rel}","templated":true}]}}