{"id":54931,"date":"2025-04-30T17:04:59","date_gmt":"2025-04-30T15:04:59","guid":{"rendered":"https:\/\/www.fleurop-home.ch\/de-ch\/?post_type=product&#038;p=54931"},"modified":"2025-06-20T10:39:23","modified_gmt":"2025-06-20T08:39:23","slug":"orchidees-artificielles-plantees-dans-un-pot-blanc","status":"publish","type":"product","link":"https:\/\/www.fleurop-home.ch\/fr-ch\/p\/kuenstliche-orchideen-in-topf-eingepflanzt-weiss","title":{"rendered":"Orchid\u00e9es artificielles plant\u00e9es dans un pot blanc"},"content":{"rendered":"<p class=\"\" data-start=\"349\" data-end=\"977\">Cette orchid\u00e9e artificielle de haute qualit\u00e9 aux d\u00e9licates fleurs blanches et roses est plant\u00e9e \u00e0 la main dans un vase en c\u00e9ramique structur\u00e9 et \u00e9l\u00e9gant. La surface est recouverte de mousse v\u00e9ritable, compl\u00e9tant parfaitement l'aspect naturel. La forme incurv\u00e9e des fleurs et la finition riche en d\u00e9tails lui donnent un aspect particuli\u00e8rement vivant - un accroche-regard \u00e9l\u00e9gant sur les commodes, les \u00e9tag\u00e8res ou dans la salle de bain. L'alternative sans entretien \u00e0 la vraie plante - durablement belle et intemporellement d\u00e9corative.<\/p>\n<p>Hauteur : 60cm<\/p>\n<p>&nbsp;<\/p>","protected":false},"excerpt":{"rendered":"<p>Orchid\u00e9es artificielles dans un vase en c\u00e9ramique blanc structur\u00e9 - \u00e9l\u00e9gantes, faciles \u00e0 entretenir et trompeuses.<\/p>\n<p>&nbsp;<\/p>","protected":false},"featured_media":54929,"template":"","meta":[],"product_brand":[],"product_cat":[107,23,26],"product_tag":[1084],"woo-feed-brand":[],"class_list":{"0":"post-54931","1":"product","2":"type-product","3":"status-publish","4":"has-post-thumbnail","6":"product_cat-kunstblumen","7":"product_cat-home-living","8":"product_cat-blumen-pflanzen","9":"product_tag-froilein-blume","11":"first","12":"instock","13":"taxable","14":"shipping-taxable","15":"purchasable","16":"product-type-simple"},"_links":{"self":[{"href":"https:\/\/www.fleurop-home.ch\/fr-ch\/wp-json\/wp\/v2\/product\/54931","targetHints":{"allow":["GET"]}}],"collection":[{"href":"https:\/\/www.fleurop-home.ch\/fr-ch\/wp-json\/wp\/v2\/product"}],"about":[{"href":"https:\/\/www.fleurop-home.ch\/fr-ch\/wp-json\/wp\/v2\/types\/product"}],"wp:featuredmedia":[{"embeddable":true,"href":"https:\/\/www.fleurop-home.ch\/fr-ch\/wp-json\/wp\/v2\/media\/54929"}],"wp:attachment":[{"href":"https:\/\/www.fleurop-home.ch\/fr-ch\/wp-json\/wp\/v2\/media?parent=54931"}],"wp:term":[{"taxonomy":"product_brand","embeddable":true,"href":"https:\/\/www.fleurop-home.ch\/fr-ch\/wp-json\/wp\/v2\/product_brand?post=54931"},{"taxonomy":"product_cat","embeddable":true,"href":"https:\/\/www.fleurop-home.ch\/fr-ch\/wp-json\/wp\/v2\/product_cat?post=54931"},{"taxonomy":"product_tag","embeddable":true,"href":"https:\/\/www.fleurop-home.ch\/fr-ch\/wp-json\/wp\/v2\/product_tag?post=54931"},{"taxonomy":"woo-feed-brand","embeddable":true,"href":"https:\/\/www.fleurop-home.ch\/fr-ch\/wp-json\/wp\/v2\/woo-feed-brand?post=54931"}],"curies":[{"name":"wp","href":"https:\/\/api.w.org\/{rel}","templated":true}]}}