{"id":54911,"date":"2025-04-30T15:44:13","date_gmt":"2025-04-30T13:44:13","guid":{"rendered":"https:\/\/www.fleurop-home.ch\/de-ch\/?post_type=product&#038;p=54911"},"modified":"2025-05-12T10:35:38","modified_gmt":"2025-05-12T08:35:38","slug":"protea-rose-artificiel","status":"publish","type":"product","link":"https:\/\/www.fleurop-home.ch\/fr-ch\/p\/kuenstliche-protea-rosa","title":{"rendered":"Protea rose artificielle"},"content":{"rendered":"<p class=\"\" data-start=\"349\" data-end=\"977\">Cette Protea artificielle rose convainc par sa forme exotique et sa finition de haute qualit\u00e9. La fleur velout\u00e9e et les feuilles d\u00e9licates ont un aspect trompeur et apportent des accents \u00e9l\u00e9gants - qu'elles soient arrang\u00e9es seules ou en combinaison avec d'autres plantes artificielles. Id\u00e9al pour les d\u00e9corations modernes, sans aucun entretien.<\/p>\n<p>Longueur : 52 cm<\/p>\n<p>&nbsp;<\/p>","protected":false},"excerpt":{"rendered":"<p>Protea artificiel d'un rose d\u00e9licat - un accroche-regard pour des d\u00e9corations modernes et exotiques.<\/p>\n<p>&nbsp;<\/p>","protected":false},"featured_media":54912,"template":"","meta":[],"product_brand":[],"product_cat":[107,23,26],"product_tag":[1084],"woo-feed-brand":[],"class_list":{"0":"post-54911","1":"product","2":"type-product","3":"status-publish","4":"has-post-thumbnail","6":"product_cat-kunstblumen","7":"product_cat-home-living","8":"product_cat-blumen-pflanzen","9":"product_tag-froilein-blume","11":"first","12":"instock","13":"taxable","14":"shipping-taxable","15":"purchasable","16":"product-type-simple"},"_links":{"self":[{"href":"https:\/\/www.fleurop-home.ch\/fr-ch\/wp-json\/wp\/v2\/product\/54911","targetHints":{"allow":["GET"]}}],"collection":[{"href":"https:\/\/www.fleurop-home.ch\/fr-ch\/wp-json\/wp\/v2\/product"}],"about":[{"href":"https:\/\/www.fleurop-home.ch\/fr-ch\/wp-json\/wp\/v2\/types\/product"}],"wp:featuredmedia":[{"embeddable":true,"href":"https:\/\/www.fleurop-home.ch\/fr-ch\/wp-json\/wp\/v2\/media\/54912"}],"wp:attachment":[{"href":"https:\/\/www.fleurop-home.ch\/fr-ch\/wp-json\/wp\/v2\/media?parent=54911"}],"wp:term":[{"taxonomy":"product_brand","embeddable":true,"href":"https:\/\/www.fleurop-home.ch\/fr-ch\/wp-json\/wp\/v2\/product_brand?post=54911"},{"taxonomy":"product_cat","embeddable":true,"href":"https:\/\/www.fleurop-home.ch\/fr-ch\/wp-json\/wp\/v2\/product_cat?post=54911"},{"taxonomy":"product_tag","embeddable":true,"href":"https:\/\/www.fleurop-home.ch\/fr-ch\/wp-json\/wp\/v2\/product_tag?post=54911"},{"taxonomy":"woo-feed-brand","embeddable":true,"href":"https:\/\/www.fleurop-home.ch\/fr-ch\/wp-json\/wp\/v2\/woo-feed-brand?post=54911"}],"curies":[{"name":"wp","href":"https:\/\/api.w.org\/{rel}","templated":true}]}}