{"id":54900,"date":"2025-04-30T13:13:27","date_gmt":"2025-04-30T11:13:27","guid":{"rendered":"https:\/\/www.fleurop-home.ch\/de-ch\/?post_type=product&#038;p=54900"},"modified":"2025-05-18T12:07:33","modified_gmt":"2025-05-18T10:07:33","slug":"feuilles-artificielles-vertes","status":"publish","type":"product","link":"https:\/\/www.fleurop-home.ch\/fr-ch\/p\/kuenstliche-blaetter-gruen","title":{"rendered":"Feuilles artificielles Vert"},"content":{"rendered":"<p class=\"\" data-start=\"349\" data-end=\"977\">Cette branche artificielle aux feuilles vertes fra\u00eeches, fabriqu\u00e9e dans les moindres d\u00e9tails, apporte une l\u00e9g\u00e8ret\u00e9 naturelle \u00e0 tes pi\u00e8ces - sans aucun entretien. Les feuilles d\u00e9licates et finement structur\u00e9es et les veines r\u00e9alistes de la tige lui conf\u00e8rent un aspect particuli\u00e8rement authentique. Que ce soit en tant que soliste discret dans un vase en verre ou comme base verte pour des compositions color\u00e9es, cette branche se combine de multiples fa\u00e7ons et garantit fra\u00eecheur et style tout au long de l'ann\u00e9e. Id\u00e9al pour tous ceux qui aiment les d\u00e9corations durables et de qualit\u00e9, mais qui n'ont pas la main verte.<\/p>\n<p>Longueur : 76 cm<\/p>\n<p>&nbsp;<\/p>","protected":false},"excerpt":{"rendered":"<p>Branche verte fid\u00e8le \u00e0 la nature - parfaite comme base pour des compositions florales artificielles \u00e9l\u00e9gantes ou comme point d'orgue minimaliste.<\/p>\n<p>&nbsp;<\/p>","protected":false},"featured_media":54901,"template":"","meta":[],"product_brand":[],"product_cat":[107,23,26],"product_tag":[1084],"woo-feed-brand":[],"class_list":{"0":"post-54900","1":"product","2":"type-product","3":"status-publish","4":"has-post-thumbnail","6":"product_cat-kunstblumen","7":"product_cat-home-living","8":"product_cat-blumen-pflanzen","9":"product_tag-froilein-blume","11":"first","12":"instock","13":"taxable","14":"shipping-taxable","15":"purchasable","16":"product-type-simple"},"_links":{"self":[{"href":"https:\/\/www.fleurop-home.ch\/fr-ch\/wp-json\/wp\/v2\/product\/54900","targetHints":{"allow":["GET"]}}],"collection":[{"href":"https:\/\/www.fleurop-home.ch\/fr-ch\/wp-json\/wp\/v2\/product"}],"about":[{"href":"https:\/\/www.fleurop-home.ch\/fr-ch\/wp-json\/wp\/v2\/types\/product"}],"wp:featuredmedia":[{"embeddable":true,"href":"https:\/\/www.fleurop-home.ch\/fr-ch\/wp-json\/wp\/v2\/media\/54901"}],"wp:attachment":[{"href":"https:\/\/www.fleurop-home.ch\/fr-ch\/wp-json\/wp\/v2\/media?parent=54900"}],"wp:term":[{"taxonomy":"product_brand","embeddable":true,"href":"https:\/\/www.fleurop-home.ch\/fr-ch\/wp-json\/wp\/v2\/product_brand?post=54900"},{"taxonomy":"product_cat","embeddable":true,"href":"https:\/\/www.fleurop-home.ch\/fr-ch\/wp-json\/wp\/v2\/product_cat?post=54900"},{"taxonomy":"product_tag","embeddable":true,"href":"https:\/\/www.fleurop-home.ch\/fr-ch\/wp-json\/wp\/v2\/product_tag?post=54900"},{"taxonomy":"woo-feed-brand","embeddable":true,"href":"https:\/\/www.fleurop-home.ch\/fr-ch\/wp-json\/wp\/v2\/woo-feed-brand?post=54900"}],"curies":[{"name":"wp","href":"https:\/\/api.w.org\/{rel}","templated":true}]}}