{"id":54835,"date":"2025-04-29T16:05:09","date_gmt":"2025-04-29T14:05:09","guid":{"rendered":"https:\/\/www.fleurop-home.ch\/de-ch\/?post_type=product&#038;p=54835"},"modified":"2025-05-18T12:07:36","modified_gmt":"2025-05-18T10:07:36","slug":"lupins-roses","status":"publish","type":"product","link":"https:\/\/www.fleurop-home.ch\/fr-ch\/p\/lupinen-rosa","title":{"rendered":"Lupins artificiels roses"},"content":{"rendered":"<p class=\"\" data-start=\"526\" data-end=\"922\">Cette branche de lupin artistiquement con\u00e7ue apporte une \u00e9l\u00e9gance naturelle et de la couleur \u00e0 n'importe quel environnement. Les d\u00e9licates fleurs roses combin\u00e9es au ton vert vif des feuilles en font un compl\u00e9ment id\u00e9al pour les d\u00e9corations printani\u00e8res et estivales. Qu'elle soit plac\u00e9e seule dans un vase sobre ou combin\u00e9e dans une composition, la lupine artificielle convainc par son aspect r\u00e9aliste et reste belle durablement.<\/p>\n<p>Longueur : 80cm<\/p>\n<p>&nbsp;<\/p>","protected":false},"excerpt":{"rendered":"<p class=\"\" data-start=\"163\" data-end=\"258\">Branche de lupin riche en d\u00e9tails d'un rose frais avec des feuilles r\u00e9alistes. Id\u00e9al pour les compositions estivales, les vases ou les d\u00e9corations saisonni\u00e8res.<\/p>","protected":false},"featured_media":54840,"template":"","meta":[],"product_brand":[],"product_cat":[107,23,26],"product_tag":[1084],"woo-feed-brand":[],"class_list":{"0":"post-54835","1":"product","2":"type-product","3":"status-publish","4":"has-post-thumbnail","6":"product_cat-kunstblumen","7":"product_cat-home-living","8":"product_cat-blumen-pflanzen","9":"product_tag-froilein-blume","11":"first","12":"instock","13":"taxable","14":"shipping-taxable","15":"purchasable","16":"product-type-simple"},"_links":{"self":[{"href":"https:\/\/www.fleurop-home.ch\/fr-ch\/wp-json\/wp\/v2\/product\/54835","targetHints":{"allow":["GET"]}}],"collection":[{"href":"https:\/\/www.fleurop-home.ch\/fr-ch\/wp-json\/wp\/v2\/product"}],"about":[{"href":"https:\/\/www.fleurop-home.ch\/fr-ch\/wp-json\/wp\/v2\/types\/product"}],"wp:featuredmedia":[{"embeddable":true,"href":"https:\/\/www.fleurop-home.ch\/fr-ch\/wp-json\/wp\/v2\/media\/54840"}],"wp:attachment":[{"href":"https:\/\/www.fleurop-home.ch\/fr-ch\/wp-json\/wp\/v2\/media?parent=54835"}],"wp:term":[{"taxonomy":"product_brand","embeddable":true,"href":"https:\/\/www.fleurop-home.ch\/fr-ch\/wp-json\/wp\/v2\/product_brand?post=54835"},{"taxonomy":"product_cat","embeddable":true,"href":"https:\/\/www.fleurop-home.ch\/fr-ch\/wp-json\/wp\/v2\/product_cat?post=54835"},{"taxonomy":"product_tag","embeddable":true,"href":"https:\/\/www.fleurop-home.ch\/fr-ch\/wp-json\/wp\/v2\/product_tag?post=54835"},{"taxonomy":"woo-feed-brand","embeddable":true,"href":"https:\/\/www.fleurop-home.ch\/fr-ch\/wp-json\/wp\/v2\/woo-feed-brand?post=54835"}],"curies":[{"name":"wp","href":"https:\/\/api.w.org\/{rel}","templated":true}]}}